{"id":1261,"date":"2024-11-26T22:54:18","date_gmt":"2024-11-26T22:54:18","guid":{"rendered":"https:\/\/pkacarrentals.com\/kapcsolat\/"},"modified":"2025-11-27T11:30:23","modified_gmt":"2025-11-27T11:30:23","slug":"kapcsolat","status":"publish","type":"page","link":"https:\/\/pkacarrentals.com\/hu\/kapcsolat\/","title":{"rendered":"Kapcsolat"},"content":{"rendered":"\t\t<div data-elementor-type=\"wp-page\" data-elementor-id=\"1261\" class=\"elementor elementor-1261 elementor-824\" data-elementor-post-type=\"page\">\n\t\t\t\t<div class=\"elementor-element elementor-element-e5718cb e-con-full e-flex e-con e-parent\" data-id=\"e5718cb\" data-element_type=\"container\" data-e-type=\"container\" data-settings=\"{&quot;background_background&quot;:&quot;classic&quot;}\">\n\t\t<div class=\"elementor-element elementor-element-3f73ab2 e-con-full e-flex e-con e-child\" data-id=\"3f73ab2\" data-element_type=\"container\" data-e-type=\"container\">\n\t\t\t\t<div class=\"elementor-element elementor-element-795ef21 elementor-widget elementor-widget-heading\" data-id=\"795ef21\" data-element_type=\"widget\" data-e-type=\"widget\" data-widget_type=\"heading.default\">\n\t\t\t\t<div class=\"elementor-widget-container\">\n\t\t\t\t\t<h2 class=\"elementor-heading-title elementor-size-default\">Seg\u00edts\u00e9gre van sz\u00fcks\u00e9ge?\n<\/h2>\t\t\t\t<\/div>\n\t\t\t\t<\/div>\n\t\t\t\t<\/div>\n\t\t\t\t<\/div>\n\t\t<div class=\"elementor-element elementor-element-48a7e71 e-con-full e-flex e-con e-parent\" data-id=\"48a7e71\" data-element_type=\"container\" data-e-type=\"container\">\n\t\t<div class=\"elementor-element elementor-element-1b3d077 e-con-full e-flex e-con e-child\" data-id=\"1b3d077\" data-element_type=\"container\" data-e-type=\"container\">\n\t\t\t\t<div class=\"elementor-element elementor-element-8215969 elementor-position-inline-start elementor-view-default elementor-mobile-position-block-start elementor-widget elementor-widget-icon-box\" data-id=\"8215969\" data-element_type=\"widget\" data-e-type=\"widget\" data-widget_type=\"icon-box.default\">\n\t\t\t\t<div class=\"elementor-widget-container\">\n\t\t\t\t\t\t\t<div class=\"elementor-icon-box-wrapper\">\n\n\t\t\t\t\t\t<div class=\"elementor-icon-box-icon\">\n\t\t\t\t<span  class=\"elementor-icon\">\n\t\t\t\t<i aria-hidden=\"true\" class=\"fas fa-phone-alt\"><\/i>\t\t\t\t<\/span>\n\t\t\t<\/div>\n\t\t\t\n\t\t\t\t\t\t<div class=\"elementor-icon-box-content\">\n\n\t\t\t\t\t\t\t\t\t<h3 class=\"elementor-icon-box-title\">\n\t\t\t\t\t\t<span  >\n\t\t\t\t\t\t\tTelefonsz\u00e1mok\t\t\t\t\t\t<\/span>\n\t\t\t\t\t<\/h3>\n\t\t\t\t\n\t\t\t\t\t\t\t\t\t<p class=\"elementor-icon-box-description\">\n\t\t\t\t\t\t+357 99755655 \/  +357 96385786\n\n\t\t\t\t\t<\/p>\n\t\t\t\t\n\t\t\t<\/div>\n\t\t\t\n\t\t<\/div>\n\t\t\t\t\t\t<\/div>\n\t\t\t\t<\/div>\n\t\t\t\t<\/div>\n\t\t<div class=\"elementor-element elementor-element-8056f5c e-con-full e-flex e-con e-child\" data-id=\"8056f5c\" data-element_type=\"container\" data-e-type=\"container\">\n\t\t\t\t<div class=\"elementor-element elementor-element-2523b65 elementor-position-inline-start elementor-view-default elementor-mobile-position-block-start elementor-widget elementor-widget-icon-box\" data-id=\"2523b65\" data-element_type=\"widget\" data-e-type=\"widget\" data-widget_type=\"icon-box.default\">\n\t\t\t\t<div class=\"elementor-widget-container\">\n\t\t\t\t\t\t\t<div class=\"elementor-icon-box-wrapper\">\n\n\t\t\t\t\t\t<div class=\"elementor-icon-box-icon\">\n\t\t\t\t<span  class=\"elementor-icon\">\n\t\t\t\t<i aria-hidden=\"true\" class=\"fas fa-stopwatch\"><\/i>\t\t\t\t<\/span>\n\t\t\t<\/div>\n\t\t\t\n\t\t\t\t\t\t<div class=\"elementor-icon-box-content\">\n\n\t\t\t\t\t\t\t\t\t<h3 class=\"elementor-icon-box-title\">\n\t\t\t\t\t\t<span  >\n\t\t\t\t\t\t\tNyitvatart\u00e1si id\u0151\t\t\t\t\t\t<\/span>\n\t\t\t\t\t<\/h3>\n\t\t\t\t\n\t\t\t\t\t\t\t\t\t<p class=\"elementor-icon-box-description\">\n\t\t\t\t\t\tH\u00e9tf\u0151 - P\u00e9ntek: 09:00 - 18:00<br>Szombat - Vas\u00e1rnap: 09:00 - 18:00\t\t\t\t\t<\/p>\n\t\t\t\t\n\t\t\t<\/div>\n\t\t\t\n\t\t<\/div>\n\t\t\t\t\t\t<\/div>\n\t\t\t\t<\/div>\n\t\t\t\t<\/div>\n\t\t<div class=\"elementor-element elementor-element-051d418 e-con-full e-flex e-con e-child\" data-id=\"051d418\" data-element_type=\"container\" data-e-type=\"container\">\n\t\t\t\t<div class=\"elementor-element elementor-element-3057fc9 elementor-position-inline-start elementor-view-default elementor-mobile-position-block-start elementor-widget elementor-widget-icon-box\" data-id=\"3057fc9\" data-element_type=\"widget\" data-e-type=\"widget\" data-widget_type=\"icon-box.default\">\n\t\t\t\t<div class=\"elementor-widget-container\">\n\t\t\t\t\t\t\t<div class=\"elementor-icon-box-wrapper\">\n\n\t\t\t\t\t\t<div class=\"elementor-icon-box-icon\">\n\t\t\t\t<span  class=\"elementor-icon\">\n\t\t\t\t<i aria-hidden=\"true\" class=\"fas fa-map\"><\/i>\t\t\t\t<\/span>\n\t\t\t<\/div>\n\t\t\t\n\t\t\t\t\t\t<div class=\"elementor-icon-box-content\">\n\n\t\t\t\t\t\t\t\t\t<h3 class=\"elementor-icon-box-title\">\n\t\t\t\t\t\t<span  >\n\t\t\t\t\t\t\tHelysz\u00edneink\t\t\t\t\t\t<\/span>\n\t\t\t\t\t<\/h3>\n\t\t\t\t\n\t\t\t\t\t\t\t\t\t<p class=\"elementor-icon-box-description\">\n\t\t\t\t\t\t<a style=\"text-decoration:underline\" href=\"https:\/\/goo.gl\/maps\/WnxnT7BXWCc9PzAU9\">Poseidonos Ave 47, Paphos, Ciprus<\/a>\n\t\t\t\t\t<\/p>\n\t\t\t\t\n\t\t\t<\/div>\n\t\t\t\n\t\t<\/div>\n\t\t\t\t\t\t<\/div>\n\t\t\t\t<\/div>\n\t\t\t\t<\/div>\n\t\t\t\t<\/div>\n\t\t<div class=\"elementor-element elementor-element-d319f80 e-flex e-con-boxed e-con e-parent\" data-id=\"d319f80\" data-element_type=\"container\" data-e-type=\"container\" data-settings=\"{&quot;background_background&quot;:&quot;classic&quot;}\">\n\t\t\t\t\t<div class=\"e-con-inner\">\n\t\t\t\t<div class=\"elementor-element elementor-element-531dd7c elementor-position-inline-start elementor-view-default elementor-mobile-position-block-start elementor-widget elementor-widget-icon-box\" data-id=\"531dd7c\" data-element_type=\"widget\" data-e-type=\"widget\" data-widget_type=\"icon-box.default\">\n\t\t\t\t<div class=\"elementor-widget-container\">\n\t\t\t\t\t\t\t<div class=\"elementor-icon-box-wrapper\">\n\n\t\t\t\t\t\t<div class=\"elementor-icon-box-icon\">\n\t\t\t\t<span  class=\"elementor-icon\">\n\t\t\t\t<i aria-hidden=\"true\" class=\"fas fa-info-circle\"><\/i>\t\t\t\t<\/span>\n\t\t\t<\/div>\n\t\t\t\n\t\t\t\t\t\t<div class=\"elementor-icon-box-content\">\n\n\t\t\t\t\t\t\t\t\t<h3 class=\"elementor-icon-box-title\">\n\t\t\t\t\t\t<span  >\n\t\t\t\t\t\t\tNe habozzon kapcsolatba l\u00e9pni vel\u00fcnk, ha tov\u00e1bbi seg\u00edts\u00e9gre van sz\u00fcks\u00e9ge.\t\t\t\t\t\t<\/span>\n\t\t\t\t\t<\/h3>\n\t\t\t\t\n\t\t\t\t\t\t\t\t\t<p class=\"elementor-icon-box-description\">\n\t\t\t\t\t\t\n\t\t\t\t\t<\/p>\n\t\t\t\t\n\t\t\t<\/div>\n\t\t\t\n\t\t<\/div>\n\t\t\t\t\t\t<\/div>\n\t\t\t\t<\/div>\n\t\t\t\t<div class=\"elementor-element elementor-element-1c8c991 elementor-widget elementor-widget-text-editor\" data-id=\"1c8c991\" data-element_type=\"widget\" data-e-type=\"widget\" data-widget_type=\"text-editor.default\">\n\t\t\t\t<div class=\"elementor-widget-container\">\n\t\t\t\t\t\t\t\t\t<p>Az\u00e9rt vagyunk itt, hogy minden sz\u00fcks\u00e9ges inform\u00e1ci\u00f3t \u00e9s t\u00e1mogat\u00e1st megadjunk \u00d6nnek. Legyen sz\u00f3 k\u00e9rd\u00e9sekr\u0151l, visszajelz\u00e9sekr\u0151l vagy szolg\u00e1ltat\u00e1sainkkal kapcsolatos seg\u00edts\u00e9gny\u00fajt\u00e1sr\u00f3l, csak egy \u00fczenet vagy telefonh\u00edv\u00e1s v\u00e1laszt el minket. <\/p>\t\t\t\t\t\t\t\t<\/div>\n\t\t\t\t<\/div>\n\t\t\t\t<div class=\"elementor-element elementor-element-4b50d32 elementor-widget elementor-widget-wpforms\" data-id=\"4b50d32\" data-element_type=\"widget\" data-e-type=\"widget\" data-widget_type=\"wpforms.default\">\n\t\t\t\t<div class=\"elementor-widget-container\">\n\t\t\t\t\t<div class=\"wpforms-container wpforms-container-full wpforms-render-modern\" id=\"wpforms-826\"><form id=\"wpforms-form-826\" class=\"wpforms-validate wpforms-form wpforms-ajax-form\" data-formid=\"826\" method=\"post\" enctype=\"multipart\/form-data\" action=\"\/hu\/wp-json\/wp\/v2\/pages\/1261\" data-token=\"61e082b2fab989dd64e7892cf5f92df7\" data-token-time=\"1777303923\"><noscript class=\"wpforms-error-noscript\">Please enable JavaScript in your browser to complete this form.<\/noscript><div id=\"wpforms-error-noscript\" style=\"display: none;\">Please enable JavaScript in your browser to complete this form.<\/div><div class=\"wpforms-field-container\"><div id=\"wpforms-826-field_1-container\" class=\"wpforms-field wpforms-field-name\" data-field-id=\"1\"><label class=\"wpforms-field-label\" for=\"wpforms-826-field_1\">N\u00e9v <span class=\"wpforms-required-label\" aria-hidden=\"true\">*<\/span><\/label><input type=\"text\" id=\"wpforms-826-field_1\" class=\"wpforms-field-medium wpforms-field-required\" name=\"wpforms[fields][1]\" aria-errormessage=\"wpforms-826-field_1-error\" required><\/div>\t\t<div id=\"wpforms-826-field_5-container\"\n\t\t\tclass=\"wpforms-field wpforms-field-text\"\n\t\t\tdata-field-type=\"text\"\n\t\t\tdata-field-id=\"5\"\n\t\t\t>\n\t\t\t<label class=\"wpforms-field-label\" for=\"wpforms-826-field_5\" >E-mail Telefonsz\u00e1m N\u00e9v<\/label>\n\t\t\t<input type=\"text\" id=\"wpforms-826-field_5\" class=\"wpforms-field-medium\" name=\"wpforms[fields][5]\" >\n\t\t<\/div>\n\t\t<div id=\"wpforms-826-field_2-container\" class=\"wpforms-field wpforms-field-email\" data-field-id=\"2\"><label class=\"wpforms-field-label\" for=\"wpforms-826-field_2\">E-mail <span class=\"wpforms-required-label\" aria-hidden=\"true\">*<\/span><\/label><input type=\"email\" id=\"wpforms-826-field_2\" class=\"wpforms-field-medium wpforms-field-required\" name=\"wpforms[fields][2]\" spellcheck=\"false\" aria-errormessage=\"wpforms-826-field_2-error\" required><\/div><div id=\"wpforms-826-field_4-container\" class=\"wpforms-field wpforms-field-name\" data-field-id=\"4\"><label class=\"wpforms-field-label\" for=\"wpforms-826-field_4\">Telefonsz\u00e1m <span class=\"wpforms-required-label\" aria-hidden=\"true\">*<\/span><\/label><input type=\"text\" id=\"wpforms-826-field_4\" class=\"wpforms-field-medium wpforms-field-required\" name=\"wpforms[fields][4]\" aria-errormessage=\"wpforms-826-field_4-error\" required><\/div><div id=\"wpforms-826-field_3-container\" class=\"wpforms-field wpforms-field-textarea\" data-field-id=\"3\"><label class=\"wpforms-field-label\" for=\"wpforms-826-field_3\">\u00dczenet <span class=\"wpforms-required-label\" aria-hidden=\"true\">*<\/span><\/label><textarea id=\"wpforms-826-field_3\" class=\"wpforms-field-medium wpforms-field-required\" name=\"wpforms[fields][3]\" aria-errormessage=\"wpforms-826-field_3-error\" required><\/textarea><\/div><script>\n\t\t\t\t( function() {\n\t\t\t\t\tconst style = document.createElement( 'style' );\n\t\t\t\t\tstyle.appendChild( document.createTextNode( '#wpforms-826-field_5-container { position: absolute !important; overflow: hidden !important; display: inline !important; height: 1px !important; width: 1px !important; z-index: -1000 !important; padding: 0 !important; } #wpforms-826-field_5-container input { visibility: hidden; } #wpforms-conversational-form-page #wpforms-826-field_5-container label { counter-increment: none; }' ) );\n\t\t\t\t\tdocument.head.appendChild( style );\n\t\t\t\t\tdocument.currentScript?.remove();\n\t\t\t\t} )();\n\t\t\t<\/script><\/div><!-- .wpforms-field-container --><div class=\"wpforms-submit-container\" ><input type=\"hidden\" name=\"wpforms[id]\" value=\"826\"><input type=\"hidden\" name=\"page_title\" value=\"\"><input type=\"hidden\" name=\"page_url\" value=\"https:\/\/pkacarrentals.com\/hu\/wp-json\/wp\/v2\/pages\/1261\"><input type=\"hidden\" name=\"url_referer\" value=\"\"><button type=\"submit\" name=\"wpforms[submit]\" id=\"wpforms-submit-826\" class=\"wpforms-submit\" data-alt-text=\"K\u00fcld\u00e9s...\" data-submit-text=\"K\u00fcld\u00e9s\" aria-live=\"assertive\" value=\"wpforms-submit\">K\u00fcld\u00e9s<\/button><img decoding=\"async\" src=\"https:\/\/pkacarrentals.com\/wp-content\/plugins\/wpforms-lite\/assets\/images\/submit-spin.svg\" class=\"wpforms-submit-spinner\" style=\"display: none;\" width=\"26\" height=\"26\" alt=\"Loading\"><\/div><\/form><\/div>  <!-- .wpforms-container -->\t\t\t\t<\/div>\n\t\t\t\t<\/div>\n\t\t\t\t\t<\/div>\n\t\t\t\t<\/div>\n\t\t\t\t<\/div>\n\t\t","protected":false},"excerpt":{"rendered":"<p>Seg\u00edts\u00e9gre van sz\u00fcks\u00e9ge? Telefonsz\u00e1mok +357 99755655 \/ +357 96385786 Nyitvatart\u00e1si id\u0151 H\u00e9tf\u0151 - P\u00e9ntek: 09:00 - 18:00Szombat - Vas\u00e1rnap: 09:00 - 18:00 Helysz\u00edneink Poseidonos Ave 47, Paphos, Ciprus Ne habozzon kapcsolatba l\u00e9pni vel\u00fcnk, ha tov\u00e1bbi seg\u00edts\u00e9gre van sz\u00fcks\u00e9ge. Az\u00e9rt vagyunk itt, hogy minden sz\u00fcks\u00e9ges inform\u00e1ci\u00f3t \u00e9s t\u00e1mogat\u00e1st megadjunk \u00d6nnek. Legyen sz\u00f3 k\u00e9rd\u00e9sekr\u0151l, visszajelz\u00e9sekr\u0151l vagy szolg\u00e1ltat\u00e1sainkkal &hellip; <\/p>\n<p class=\"link-more\"><a href=\"https:\/\/pkacarrentals.com\/hu\/kapcsolat\/\" class=\"more-link\"><span class=\"screen-reader-text\"> prova \"Kapcsolat\"<\/span><\/a><\/p>\n","protected":false},"author":7,"featured_media":0,"parent":0,"menu_order":0,"comment_status":"closed","ping_status":"closed","template":"elementor_header_footer","meta":{"_eb_attr":"","_monsterinsights_skip_tracking":false,"_monsterinsights_sitenote_active":false,"_monsterinsights_sitenote_note":"","_monsterinsights_sitenote_category":0,"footnotes":""},"class_list":["post-1261","page","type-page","status-publish","hentry"],"yoast_head":"<!-- This site is optimized with the Yoast SEO plugin v27.4 - https:\/\/yoast.com\/product\/yoast-seo-wordpress\/ -->\n<title>Kapcsolat - Pka Car Rentals<\/title>\n<meta name=\"robots\" content=\"index, follow, max-snippet:-1, max-image-preview:large, max-video-preview:-1\" \/>\n<link rel=\"canonical\" href=\"https:\/\/pkacarrentals.com\/hu\/kapcsolat\/\" \/>\n<meta property=\"og:locale\" content=\"hu_HU\" \/>\n<meta property=\"og:type\" content=\"article\" \/>\n<meta property=\"og:title\" content=\"Kapcsolat - Pka Car Rentals\" \/>\n<meta property=\"og:description\" content=\"Seg\u00edts\u00e9gre van sz\u00fcks\u00e9ge? Telefonsz\u00e1mok +357 99755655 \/ +357 96385786 Nyitvatart\u00e1si id\u0151 H\u00e9tf\u0151 - P\u00e9ntek: 09:00 - 18:00Szombat - Vas\u00e1rnap: 09:00 - 18:00 Helysz\u00edneink Poseidonos Ave 47, Paphos, Ciprus Ne habozzon kapcsolatba l\u00e9pni vel\u00fcnk, ha tov\u00e1bbi seg\u00edts\u00e9gre van sz\u00fcks\u00e9ge. Az\u00e9rt vagyunk itt, hogy minden sz\u00fcks\u00e9ges inform\u00e1ci\u00f3t \u00e9s t\u00e1mogat\u00e1st megadjunk \u00d6nnek. Legyen sz\u00f3 k\u00e9rd\u00e9sekr\u0151l, visszajelz\u00e9sekr\u0151l vagy szolg\u00e1ltat\u00e1sainkkal &hellip; prova &quot;Kapcsolat&quot;\" \/>\n<meta property=\"og:url\" content=\"https:\/\/pkacarrentals.com\/hu\/kapcsolat\/\" \/>\n<meta property=\"og:site_name\" content=\"Pka Car Rentals\" \/>\n<meta property=\"article:publisher\" content=\"https:\/\/www.facebook.com\/Pka-car-rentals-103986128976413\" \/>\n<meta property=\"article:modified_time\" content=\"2025-11-27T11:30:23+00:00\" \/>\n<meta property=\"og:image\" content=\"https:\/\/pkacarrentals.com\/wp-content\/plugins\/wpforms-lite\/assets\/images\/submit-spin.svg\" \/>\n<meta name=\"twitter:card\" content=\"summary_large_image\" \/>\n<meta name=\"twitter:label1\" content=\"Becs\u00fclt olvas\u00e1si id\u0151\" \/>\n\t<meta name=\"twitter:data1\" content=\"1 perc\" \/>\n<script type=\"application\/ld+json\" class=\"yoast-schema-graph\">{\"@context\":\"https:\\\/\\\/schema.org\",\"@graph\":[{\"@type\":\"WebPage\",\"@id\":\"https:\\\/\\\/pkacarrentals.com\\\/hu\\\/kapcsolat\\\/\",\"url\":\"https:\\\/\\\/pkacarrentals.com\\\/hu\\\/kapcsolat\\\/\",\"name\":\"Kapcsolat - Pka Car Rentals\",\"isPartOf\":{\"@id\":\"https:\\\/\\\/pkacarrentals.com\\\/hu\\\/#website\"},\"primaryImageOfPage\":{\"@id\":\"https:\\\/\\\/pkacarrentals.com\\\/hu\\\/kapcsolat\\\/#primaryimage\"},\"image\":{\"@id\":\"https:\\\/\\\/pkacarrentals.com\\\/hu\\\/kapcsolat\\\/#primaryimage\"},\"thumbnailUrl\":\"https:\\\/\\\/pkacarrentals.com\\\/wp-content\\\/plugins\\\/wpforms-lite\\\/assets\\\/images\\\/submit-spin.svg\",\"datePublished\":\"2024-11-26T22:54:18+00:00\",\"dateModified\":\"2025-11-27T11:30:23+00:00\",\"breadcrumb\":{\"@id\":\"https:\\\/\\\/pkacarrentals.com\\\/hu\\\/kapcsolat\\\/#breadcrumb\"},\"inLanguage\":\"hu\",\"potentialAction\":[{\"@type\":\"ReadAction\",\"target\":[\"https:\\\/\\\/pkacarrentals.com\\\/hu\\\/kapcsolat\\\/\"]}]},{\"@type\":\"ImageObject\",\"inLanguage\":\"hu\",\"@id\":\"https:\\\/\\\/pkacarrentals.com\\\/hu\\\/kapcsolat\\\/#primaryimage\",\"url\":\"https:\\\/\\\/pkacarrentals.com\\\/wp-content\\\/plugins\\\/wpforms-lite\\\/assets\\\/images\\\/submit-spin.svg\",\"contentUrl\":\"https:\\\/\\\/pkacarrentals.com\\\/wp-content\\\/plugins\\\/wpforms-lite\\\/assets\\\/images\\\/submit-spin.svg\"},{\"@type\":\"BreadcrumbList\",\"@id\":\"https:\\\/\\\/pkacarrentals.com\\\/hu\\\/kapcsolat\\\/#breadcrumb\",\"itemListElement\":[{\"@type\":\"ListItem\",\"position\":1,\"name\":\"Home\",\"item\":\"https:\\\/\\\/pkacarrentals.com\\\/hu\\\/kezdolap\\\/\"},{\"@type\":\"ListItem\",\"position\":2,\"name\":\"Kapcsolat\"}]},{\"@type\":\"WebSite\",\"@id\":\"https:\\\/\\\/pkacarrentals.com\\\/hu\\\/#website\",\"url\":\"https:\\\/\\\/pkacarrentals.com\\\/hu\\\/\",\"name\":\"Pka Car Rentals\",\"description\":\"Enjoy your Holidays in Cyprus!\",\"publisher\":{\"@id\":\"https:\\\/\\\/pkacarrentals.com\\\/hu\\\/#organization\"},\"potentialAction\":[{\"@type\":\"SearchAction\",\"target\":{\"@type\":\"EntryPoint\",\"urlTemplate\":\"https:\\\/\\\/pkacarrentals.com\\\/hu\\\/?s={search_term_string}\"},\"query-input\":{\"@type\":\"PropertyValueSpecification\",\"valueRequired\":true,\"valueName\":\"search_term_string\"}}],\"inLanguage\":\"hu\"},{\"@type\":\"Organization\",\"@id\":\"https:\\\/\\\/pkacarrentals.com\\\/hu\\\/#organization\",\"name\":\"PKA CAR RENTALS\",\"url\":\"https:\\\/\\\/pkacarrentals.com\\\/hu\\\/\",\"logo\":{\"@type\":\"ImageObject\",\"inLanguage\":\"hu\",\"@id\":\"https:\\\/\\\/pkacarrentals.com\\\/hu\\\/#\\\/schema\\\/logo\\\/image\\\/\",\"url\":\"https:\\\/\\\/pkacarrentals.com\\\/wp-content\\\/uploads\\\/2022\\\/05\\\/cropped-PKA-1.png\",\"contentUrl\":\"https:\\\/\\\/pkacarrentals.com\\\/wp-content\\\/uploads\\\/2022\\\/05\\\/cropped-PKA-1.png\",\"width\":512,\"height\":512,\"caption\":\"PKA CAR RENTALS\"},\"image\":{\"@id\":\"https:\\\/\\\/pkacarrentals.com\\\/hu\\\/#\\\/schema\\\/logo\\\/image\\\/\"},\"sameAs\":[\"https:\\\/\\\/www.facebook.com\\\/Pka-car-rentals-103986128976413\",\"https:\\\/\\\/www.youtube.com\\\/channel\\\/UCr3NDZJ_6P6f6HpsJtr2frw\"]}]}<\/script>\n<!-- \/ Yoast SEO plugin. -->","yoast_head_json":{"title":"Kapcsolat - Pka Car Rentals","robots":{"index":"index","follow":"follow","max-snippet":"max-snippet:-1","max-image-preview":"max-image-preview:large","max-video-preview":"max-video-preview:-1"},"canonical":"https:\/\/pkacarrentals.com\/hu\/kapcsolat\/","og_locale":"hu_HU","og_type":"article","og_title":"Kapcsolat - Pka Car Rentals","og_description":"Seg\u00edts\u00e9gre van sz\u00fcks\u00e9ge? Telefonsz\u00e1mok +357 99755655 \/ +357 96385786 Nyitvatart\u00e1si id\u0151 H\u00e9tf\u0151 - P\u00e9ntek: 09:00 - 18:00Szombat - Vas\u00e1rnap: 09:00 - 18:00 Helysz\u00edneink Poseidonos Ave 47, Paphos, Ciprus Ne habozzon kapcsolatba l\u00e9pni vel\u00fcnk, ha tov\u00e1bbi seg\u00edts\u00e9gre van sz\u00fcks\u00e9ge. Az\u00e9rt vagyunk itt, hogy minden sz\u00fcks\u00e9ges inform\u00e1ci\u00f3t \u00e9s t\u00e1mogat\u00e1st megadjunk \u00d6nnek. Legyen sz\u00f3 k\u00e9rd\u00e9sekr\u0151l, visszajelz\u00e9sekr\u0151l vagy szolg\u00e1ltat\u00e1sainkkal &hellip; prova \"Kapcsolat\"","og_url":"https:\/\/pkacarrentals.com\/hu\/kapcsolat\/","og_site_name":"Pka Car Rentals","article_publisher":"https:\/\/www.facebook.com\/Pka-car-rentals-103986128976413","article_modified_time":"2025-11-27T11:30:23+00:00","og_image":[{"url":"https:\/\/pkacarrentals.com\/wp-content\/plugins\/wpforms-lite\/assets\/images\/submit-spin.svg","type":"","width":"","height":""}],"twitter_card":"summary_large_image","twitter_misc":{"Becs\u00fclt olvas\u00e1si id\u0151":"1 perc"},"schema":{"@context":"https:\/\/schema.org","@graph":[{"@type":"WebPage","@id":"https:\/\/pkacarrentals.com\/hu\/kapcsolat\/","url":"https:\/\/pkacarrentals.com\/hu\/kapcsolat\/","name":"Kapcsolat - Pka Car Rentals","isPartOf":{"@id":"https:\/\/pkacarrentals.com\/hu\/#website"},"primaryImageOfPage":{"@id":"https:\/\/pkacarrentals.com\/hu\/kapcsolat\/#primaryimage"},"image":{"@id":"https:\/\/pkacarrentals.com\/hu\/kapcsolat\/#primaryimage"},"thumbnailUrl":"https:\/\/pkacarrentals.com\/wp-content\/plugins\/wpforms-lite\/assets\/images\/submit-spin.svg","datePublished":"2024-11-26T22:54:18+00:00","dateModified":"2025-11-27T11:30:23+00:00","breadcrumb":{"@id":"https:\/\/pkacarrentals.com\/hu\/kapcsolat\/#breadcrumb"},"inLanguage":"hu","potentialAction":[{"@type":"ReadAction","target":["https:\/\/pkacarrentals.com\/hu\/kapcsolat\/"]}]},{"@type":"ImageObject","inLanguage":"hu","@id":"https:\/\/pkacarrentals.com\/hu\/kapcsolat\/#primaryimage","url":"https:\/\/pkacarrentals.com\/wp-content\/plugins\/wpforms-lite\/assets\/images\/submit-spin.svg","contentUrl":"https:\/\/pkacarrentals.com\/wp-content\/plugins\/wpforms-lite\/assets\/images\/submit-spin.svg"},{"@type":"BreadcrumbList","@id":"https:\/\/pkacarrentals.com\/hu\/kapcsolat\/#breadcrumb","itemListElement":[{"@type":"ListItem","position":1,"name":"Home","item":"https:\/\/pkacarrentals.com\/hu\/kezdolap\/"},{"@type":"ListItem","position":2,"name":"Kapcsolat"}]},{"@type":"WebSite","@id":"https:\/\/pkacarrentals.com\/hu\/#website","url":"https:\/\/pkacarrentals.com\/hu\/","name":"Pka Car Rentals","description":"Enjoy your Holidays in Cyprus!","publisher":{"@id":"https:\/\/pkacarrentals.com\/hu\/#organization"},"potentialAction":[{"@type":"SearchAction","target":{"@type":"EntryPoint","urlTemplate":"https:\/\/pkacarrentals.com\/hu\/?s={search_term_string}"},"query-input":{"@type":"PropertyValueSpecification","valueRequired":true,"valueName":"search_term_string"}}],"inLanguage":"hu"},{"@type":"Organization","@id":"https:\/\/pkacarrentals.com\/hu\/#organization","name":"PKA CAR RENTALS","url":"https:\/\/pkacarrentals.com\/hu\/","logo":{"@type":"ImageObject","inLanguage":"hu","@id":"https:\/\/pkacarrentals.com\/hu\/#\/schema\/logo\/image\/","url":"https:\/\/pkacarrentals.com\/wp-content\/uploads\/2022\/05\/cropped-PKA-1.png","contentUrl":"https:\/\/pkacarrentals.com\/wp-content\/uploads\/2022\/05\/cropped-PKA-1.png","width":512,"height":512,"caption":"PKA CAR RENTALS"},"image":{"@id":"https:\/\/pkacarrentals.com\/hu\/#\/schema\/logo\/image\/"},"sameAs":["https:\/\/www.facebook.com\/Pka-car-rentals-103986128976413","https:\/\/www.youtube.com\/channel\/UCr3NDZJ_6P6f6HpsJtr2frw"]}]}},"jetpack_sharing_enabled":true,"_links":{"self":[{"href":"https:\/\/pkacarrentals.com\/hu\/wp-json\/wp\/v2\/pages\/1261","targetHints":{"allow":["GET"]}}],"collection":[{"href":"https:\/\/pkacarrentals.com\/hu\/wp-json\/wp\/v2\/pages"}],"about":[{"href":"https:\/\/pkacarrentals.com\/hu\/wp-json\/wp\/v2\/types\/page"}],"author":[{"embeddable":true,"href":"https:\/\/pkacarrentals.com\/hu\/wp-json\/wp\/v2\/users\/7"}],"replies":[{"embeddable":true,"href":"https:\/\/pkacarrentals.com\/hu\/wp-json\/wp\/v2\/comments?post=1261"}],"version-history":[{"count":2,"href":"https:\/\/pkacarrentals.com\/hu\/wp-json\/wp\/v2\/pages\/1261\/revisions"}],"predecessor-version":[{"id":1283,"href":"https:\/\/pkacarrentals.com\/hu\/wp-json\/wp\/v2\/pages\/1261\/revisions\/1283"}],"wp:attachment":[{"href":"https:\/\/pkacarrentals.com\/hu\/wp-json\/wp\/v2\/media?parent=1261"}],"curies":[{"name":"wp","href":"https:\/\/api.w.org\/{rel}","templated":true}]}}