{"id":1289,"date":"2022-05-14T08:26:36","date_gmt":"2022-05-14T08:26:36","guid":{"rendered":"https:\/\/pkacarrentals.com\/altalanos-szerzodesi-feltetelek\/"},"modified":"2025-11-27T11:30:58","modified_gmt":"2025-11-27T11:30:58","slug":"altalanos-szerzodesi-feltetelek","status":"publish","type":"page","link":"https:\/\/pkacarrentals.com\/hu\/altalanos-szerzodesi-feltetelek\/","title":{"rendered":"\u00c1ltal\u00e1nos Szerz\u0151d\u00e9si Felt\u00e9telek"},"content":{"rendered":"\t\t<div data-elementor-type=\"wp-page\" data-elementor-id=\"1289\" class=\"elementor elementor-1289 elementor-78\" data-elementor-post-type=\"page\">\n\t\t\t\t\t\t<section class=\"elementor-section elementor-top-section elementor-element elementor-element-5b07cbb elementor-section-full_width elementor-section-stretched elementor-section-height-default elementor-section-height-default\" data-id=\"5b07cbb\" data-element_type=\"section\" data-e-type=\"section\" data-settings=\"{&quot;stretch_section&quot;:&quot;section-stretched&quot;}\">\n\t\t\t\t\t\t<div class=\"elementor-container elementor-column-gap-default\">\n\t\t\t\t\t<div class=\"elementor-column elementor-col-100 elementor-top-column elementor-element elementor-element-f5b16fb\" data-id=\"f5b16fb\" data-element_type=\"column\" data-e-type=\"column\">\n\t\t\t<div class=\"elementor-widget-wrap elementor-element-populated\">\n\t\t\t\t\t\t<div class=\"elementor-element elementor-element-528e44f elementor-widget elementor-widget-heading\" data-id=\"528e44f\" data-element_type=\"widget\" data-e-type=\"widget\" data-widget_type=\"heading.default\">\n\t\t\t\t<div class=\"elementor-widget-container\">\n\t\t\t\t\t<h1 class=\"elementor-heading-title elementor-size-default\">B\u00c9RLETI FELT\u00c9TELEK<\/h1>\t\t\t\t<\/div>\n\t\t\t\t<\/div>\n\t\t\t\t\t<\/div>\n\t\t<\/div>\n\t\t\t\t\t<\/div>\n\t\t<\/section>\n\t\t\t\t<section class=\"elementor-section elementor-top-section elementor-element elementor-element-57f44f5 elementor-section-stretched elementor-section-boxed elementor-section-height-default elementor-section-height-default\" data-id=\"57f44f5\" data-element_type=\"section\" data-e-type=\"section\" data-settings=\"{&quot;stretch_section&quot;:&quot;section-stretched&quot;}\">\n\t\t\t\t\t\t<div class=\"elementor-container elementor-column-gap-default\">\n\t\t\t\t\t<div class=\"elementor-column elementor-col-100 elementor-top-column elementor-element elementor-element-efa49db\" data-id=\"efa49db\" data-element_type=\"column\" data-e-type=\"column\">\n\t\t\t<div class=\"elementor-widget-wrap elementor-element-populated\">\n\t\t\t\t\t\t<div class=\"elementor-element elementor-element-2865404 elementor-widget elementor-widget-text-editor\" data-id=\"2865404\" data-element_type=\"widget\" data-e-type=\"widget\" data-widget_type=\"text-editor.default\">\n\t\t\t\t<div class=\"elementor-widget-container\">\n\t\t\t\t\t\t\t\t\t<p>1. Minden d\u00edj el\u0151re fizetend\u0151.<\/p><p><span style=\"color: var( --e-global-color-text ); font-family: var( --e-global-typography-text-font-family ), Sans-serif; font-weight: var( --e-global-typography-text-font-weight );\">2. A b\u00e9rl\u0151 csak akkor vezethet j\u00e1rm\u0171vet, ha jogilag jogosult r\u00e1, \u00e9s mindenkor gondosan \u00e9s szakszer\u0171en, a jogi k\u00f6vetelm\u00e9nyeknek, valamint a Tulajdonos standard biztos\u00edt\u00e1si k\u00f6tv\u00e9ny\u00e9nek felt\u00e9telei szerint vezeti, amely megtekinthet\u0151 a Tulajdonos irod\u00e1j\u00e1ban.<\/span><\/p><p><span style=\"color: var( --e-global-color-text ); font-family: var( --e-global-typography-text-font-family ), Sans-serif; font-weight: var( --e-global-typography-text-font-weight );\">3. A b\u00e9rl\u0151 nem viheti ki a j\u00e1rm\u0171vet Ciprusr\u00f3l, mindenkor a birtok\u00e1ban \u00e9s fel\u00fcgyelete alatt tartja, \u00e9s nem engedi meg m\u00e1s szem\u00e9lynek a j\u00e1rm\u0171 vezet\u00e9s\u00e9t, kiv\u00e9ve a tulajdonos el\u0151zetes \u00edr\u00e1sbeli hozz\u00e1j\u00e1rul\u00e1s\u00e1val.<\/span><\/p><p><span style=\"color: var( --e-global-color-text ); font-family: var( --e-global-typography-text-font-family ), Sans-serif; font-weight: var( --e-global-typography-text-font-weight );\">4. A b\u00e9rl\u0151 k\u00f6teles azonnal jelenteni a j\u00e1rm\u0171vet \u00e9rint\u0151 balesetet a tulajdonosnak, valamint a rend\u0151rs\u00e9gnek vagy m\u00e1s illet\u00e9kes hat\u00f3s\u00e1gnak, \u00e9s seg\u00edts\u00e9get ny\u00fajt a tulajdonosnak \u00e9s a biztos\u00edt\u00f3knak. A b\u00e9rl\u0151 a tulajdonos \u00edr\u00e1sbeli hozz\u00e1j\u00e1rul\u00e1sa n\u00e9lk\u00fcl nem adhat utas\u00edt\u00e1st a j\u00e1rm\u0171 jav\u00edt\u00e1s\u00e1ra, \u00e9s nem cser\u00e9lheti ki a baleset k\u00f6vetkezt\u00e9ben megs\u00e9r\u00fclt vagy elveszett alkatr\u00e9szeit. Az aut\u00f3t a tulajdonos hozz\u00e1j\u00e1rul\u00e1sa vagy rend\u0151rs\u00e9gi utas\u00edt\u00e1s n\u00e9lk\u00fcl nem szabad elmozd\u00edtani. <\/span><\/p><p><span style=\"color: var( --e-global-color-text ); font-family: var( --e-global-typography-text-font-family ), Sans-serif; font-weight: var( --e-global-typography-text-font-weight );\">5. A b\u00e9rl\u0151 felel\u0151s a j\u00e1rm\u0171ben keletkezett b\u00e1rmilyen k\u00e1r vagy vesztes\u00e9g els\u0151 \u00a3 ---------- \u00f6sszeg\u00e9\u00e9rt, legyen az lop\u00e1s, t\u0171z, megsemmis\u00fcl\u00e9s vagy egy\u00e9b okb\u00f3l, f\u00fcggetlen\u00fcl att\u00f3l, hogy az ilyen k\u00e1r vagy vesztes\u00e9g az \u0151 gondatlans\u00e1ga vagy a B\u00e9rleti Felt\u00e9telek megszeg\u00e9se miatt keletkezett-e, vagy m\u00e1s okb\u00f3l. A b\u00e9rl\u0151 azonban nem felel\u0151s tov\u00e1bbi k\u00e1r\u00e9rt vagy vesztes\u00e9g\u00e9rt, amennyiben a tulajdonos biztos\u00edt\u00f3i beleegyeznek, hogy a tulajdonost k\u00e1rtalan\u00edtj\u00e1k ugyanez\u00e9rt a biztos\u00edt\u00e1si k\u00f6tv\u00e9ny alapj\u00e1n. A fentiek kiv\u00e9tel\u00e9vel a b\u00e9rl\u0151 k\u00e1rtalan\u00edtja a tulajdonosokat minden olyan vesztes\u00e9g\u00e9rt, amelyet a tulajdonosok elszenvednek (bele\u00e9rtve a j\u00e1rm\u0171 haszn\u00e1lat\u00e1nak vagy b\u00e9rbead\u00e1s\u00e1nak k\u00e9ptelens\u00e9g\u00e9b\u0151l ered\u0151 vesztes\u00e9get is) a j\u00e1rm\u0171 megsemmis\u00fcl\u00e9se, elveszt\u00e9se, lop\u00e1sa vagy k\u00e1rosod\u00e1sa k\u00f6vetkezt\u00e9ben, miel\u0151tt a j\u00e1rm\u0171 visszaker\u00fclne a tulajdonoshoz, vagy a szerz\u0151d\u00e9ses id\u0151szak lej\u00e1rta el\u0151tt. A b\u00e9rl\u0151 k\u00f6teles a j\u00e1rm\u0171vet olyan j\u00f3 \u00e1llapotban visszaadni a tulajdonosnak, amilyen \u00e1llapotban a b\u00e9rl\u0151 \u00e1tvette a tulajdonost\u00f3l, a j\u00e1rm\u0171vet a jelen szerz\u0151d\u00e9sben megadott tulajdonosi c\u00edmre, vagy a tulajdonos \u00e1ltal megk\u00f6vetelt, a tulajdonost\u00f3l ----- m\u00e9rf\u00f6ldes sugar\u00fa k\u00f6r\u00f6n bel\u00fcli m\u00e1s c\u00edmre visszavinni. <\/span><\/p><p><span style=\"color: var( --e-global-color-text ); font-family: var( --e-global-typography-text-font-family ), Sans-serif; font-weight: var( --e-global-typography-text-font-weight );\">6. A tulajdonos semmilyen k\u00f6r\u00fclm\u00e9nyek k\u00f6z\u00f6tt nem k\u00f6teles kifizet\u00e9st teljes\u00edteni a b\u00e9rl\u0151nek, vagy k\u00e1rtalan\u00edtani a b\u00e9rl\u0151t a b\u00e9rl\u0151 vagy harmadik f\u00e9l \u00e1ltal elszenvedett vesztes\u00e9g, s\u00e9r\u00fcl\u00e9s vagy k\u00e1r tekintet\u00e9ben, amely a j\u00e1rm\u0171 jelenl\u00e9t\u00e9b\u0151l vagy haszn\u00e1lat\u00e1b\u00f3l, vagy annak b\u00e1rmely hib\u00e1j\u00e1b\u00f3l ered. A j\u00e1rm\u0171 \u00e1tv\u00e9telekor a b\u00e9rl\u0151nek meg kell gy\u0151z\u0151dnie arr\u00f3l, hogy az minden tekintetben \u00fczemk\u00e9pes \u00e9s megfelel\u0151, biztons\u00e1gos \u00e1llapotban van, mindig meg\u00e9rtve \u00e9s elfogadva, hogy a j\u00e1rm\u0171 a tulajdonos abszol\u00fat tulajdona, a b\u00e9rl\u0151 pedig csup\u00e1n let\u00e9tem\u00e9nyes.<\/span><\/p><p><span style=\"color: var( --e-global-color-text ); font-family: var( --e-global-typography-text-font-family ), Sans-serif; font-weight: var( --e-global-typography-text-font-weight );\">7. A tulajdonosok r\u00e9sz\u00e9r\u0151l a jelen szerz\u0151d\u00e9s b\u00e1rmely felt\u00e9tel\u00e9nek \u00e9rv\u00e9nyes\u00edt\u00e9s\u00e9vel kapcsolatos enyh\u00edt\u00e9s, t\u00fcrelem vagy enged\u00e9kenys\u00e9g nem s\u00e9rti vagy befoly\u00e1solja a tulajdonosok jogait, \u00e9s egyetlen szerz\u0151d\u00e9sszeg\u00e9sr\u0151l val\u00f3 lemond\u00e1s sem min\u0151s\u00fcl a k\u00e9s\u0151bbi vagy folyamatos szerz\u0151d\u00e9sszeg\u00e9sr\u0151l val\u00f3 lemond\u00e1snak.<\/span><\/p><p><span style=\"color: var( --e-global-color-text ); font-family: var( --e-global-typography-text-font-family ), Sans-serif; font-weight: var( --e-global-typography-text-font-weight );\">8. Az eml\u00edtett aut\u00f3 Ciprus f\u00f6ldrajzi ter\u00fclet\u00e9n bel\u00fcl haszn\u00e1lhat\u00f3, amely a Ciprusi K\u00f6zt\u00e1rsas\u00e1g Korm\u00e1ny\u00e1nak teljes ellen\u0151rz\u00e9se alatt \u00e1ll (vagy a Szuv\u00e9n B\u00e1zis Ter\u00fclet hat\u00f3s\u00e1gai alatt), \u00e9s nem haszn\u00e1lhat\u00f3 a t\u00f6r\u00f6k hadsereg vagy a t\u00f6r\u00f6k cipri\u00f3t\u00e1k ellen\u0151rz\u00e9se alatt \u00e1ll\u00f3 ter\u00fcleteken, vagy ilyen ter\u00fcletek k\u00f6zvetlen k\u00f6zel\u00e9ben. A b\u00e9rl\u0151 szem\u00e9lyesen v\u00e1llalja, hogy k\u00e1rtalan\u00edtja \u00e9s k\u00e1rt\u00f3l mentes\u00edti a tulajdonost, ha az a fenti k\u00f6telezetts\u00e9g megszeg\u00e9se miatt b\u00e1rmilyen vesztes\u00e9get vagy k\u00e1rt szenved. <\/span><\/p><p><span style=\"color: var( --e-global-color-text ); font-family: var( --e-global-typography-text-font-family ), Sans-serif; font-weight: var( --e-global-typography-text-font-weight );\">9. A b\u00e9rleti id\u0151szak csak a tulajdonos \u00edr\u00e1sbeli hozz\u00e1j\u00e1rul\u00e1s\u00e1val hosszabb\u00edthat\u00f3 meg, felt\u00e9ve, hogy 48 \u00f3r\u00e1val el\u0151re \u00e9rtes\u00edt\u00e9st kap.<\/span><\/p><p><span style=\"color: var( --e-global-color-text ); font-family: var( --e-global-typography-text-font-family ), Sans-serif; font-weight: var( --e-global-typography-text-font-weight );\">10. A szerz\u0151d\u00e9s al\u00e1\u00edr\u00e1sa ut\u00e1n semmilyen k\u00f6r\u00fclm\u00e9nyek k\u00f6z\u00f6tt nem t\u00e9r\u00edthet\u0151 vissza p\u00e9nz.<\/span><\/p><p><span style=\"color: var( --e-global-color-text ); font-family: var( --e-global-typography-text-font-family ), Sans-serif; font-weight: var( --e-global-typography-text-font-weight );\">11. A b\u00e9rl\u0151 gondatlans\u00e1g\u00e1b\u00f3l ered\u0151 baleset eset\u00e9n ez a szerz\u0151d\u00e9s automatikusan megsz\u0171nik, \u00e9s p\u00e9nz nem t\u00e9r\u00edthet\u0151 vissza.<\/span><\/p><p><span style=\"color: var( --e-global-color-text ); font-family: var( --e-global-typography-text-font-family ), Sans-serif; font-weight: var( --e-global-typography-text-font-weight );\">12. A b\u00e9rl\u0151 beleegyezik, hogy:<\/span><\/p><p> a) nem engedi meg m\u00e1s szem\u00e9lynek a j\u00e1rm\u0171 vezet\u00e9s\u00e9t, kiv\u00e9ve, ha ehhez a tulajdonos \u00edr\u00e1sbeli hozz\u00e1j\u00e1rul\u00e1s\u00e1t megkapta.<\/p><p> b) Senki, akinek fizikai, ment\u00e1lis, l\u00e1t\u00e1s- vagy hall\u00e1sk\u00e1rosod\u00e1sa van, nem vezethet j\u00e1rm\u0171vet.<\/p><p> c) A j\u00e1rm\u0171vet nem haszn\u00e1lj\u00e1k aszfaltozatlan utakon m\u00e1s j\u00e1rm\u0171 vontat\u00e1s\u00e1ra, versenyz\u00e9sre, sebess\u00e9gtesztel\u00e9sre, utasok vagy \u00e1ruk d\u00edjaz\u00e1s ellen\u00e9ben t\u00f6rt\u00e9n\u0151 sz\u00e1ll\u00edt\u00e1s\u00e1ra, Cipruson k\u00edv\u00fcl, Ciprus t\u00f6r\u00f6k megsz\u00e1ll\u00e1s alatt \u00e1ll\u00f3 ter\u00fcletein, vagy b\u00e1rmilyen illeg\u00e1lis c\u00e9lra.<\/p><p> d) Nem vezeti a j\u00e1rm\u0171vet lapos gumikkal. Ilyen esetben minden k\u00e1r az \u0151 felel\u0151ss\u00e9ge. <\/p><p> e) Minden k\u00f6zleked\u00e9si b\u00edrs\u00e1g a b\u00e9rl\u0151 felel\u0151ss\u00e9ge.<\/p><p> f) Mindenkor \u00f3vatosan vezeti a j\u00e1rm\u0171vet.<\/p><p> g) A j\u00e1rm\u0171vet j\u00f3 m\u0171k\u00f6d\u0151k\u00e9pes \u00e1llapotban tartja, ellen\u0151rizve a vizet, olajat, gumiabroncsokat stb.<\/p><p> h) A j\u00e1rm\u0171vet ugyanolyan j\u00f3 \u00e1llapotban adja vissza, mint amilyenben \u00e1tvette.<\/p><p>13. A tulajdonosnak joga van a szerz\u0151d\u00e9st b\u00e1rmikor felmondani \u00e9s birtokba venni a j\u00e1rm\u0171vet, ha saj\u00e1t bel\u00e1t\u00e1sa szerint \u00fagy \u00edt\u00e9li meg, hogy a b\u00e9relt j\u00e1rm\u0171vet nem megfelel\u0151en kezelik.<\/p><p>14. Senki sem b\u00e9relhet j\u00e1rm\u0171vet, ha 25 \u00e9v alatti, kiv\u00e9ve, ha:<\/p><p> a) \u00c9rv\u00e9nyes jogos\u00edtv\u00e1nnyal rendelkezik t\u00f6bb mint h\u00e1rom \u00e9ve.<\/p><p> b) K\u00fcl\u00f6nleges meg\u00e1llapod\u00e1s sz\u00fcletett kieg\u00e9sz\u00edt\u0151 biztos\u00edt\u00e1si fedezetr\u0151l.<\/p><p>15. Ha a j\u00e1rm\u0171vet a b\u00e9rl\u0151 nem adja le a megbesz\u00e9lt id\u0151pontban \u00e9s helyen, a tulajdonosnak joga van b\u00e1rmilyen m\u00f3don birtokba venni a j\u00e1rm\u0171vet. Ha erre nem k\u00e9pes, jogosult a j\u00e1rm\u0171vet ellopottnak nyilv\u00e1n\u00edtani, minden biztos\u00edt\u00e1st felmondani \u00e9s jelenteni a rend\u0151rs\u00e9gnek. <\/p><p>16. A \u201ej\u00e1rm\u0171\u201d kifejez\u00e9s mag\u00e1ban foglalja az \u00f6sszes gumiabroncsot, tartoz\u00e9kot, szersz\u00e1mot \u00e9s egy\u00e9b felszerel\u00e9st, amellyel fel van szerelve, \u00e9s a b\u00e9rl\u0151 kijelenti, hogy ellen\u0151rizte azokat.<\/p><p>17. A b\u00e9rl\u0151 felel\u0151s a j\u00e1rm\u0171 alv\u00e1z\u00e1n keletkezett b\u00e1rmilyen k\u00e1r\u00e9rt, azaz a motorolajtekn\u0151n, kipufog\u00f3n, tengelyen, \u00fczemanyagtart\u00e1lyon, kerekeken, gumiabroncsokon stb., ha az eml\u00edtett j\u00e1rm\u0171 nem \u00fctk\u00f6zik k\u00f6zvetlen\u00fcl egy m\u00e1sik j\u00e1rm\u0171vel.<\/p><p> A b\u00e9rl\u0151 felel\u0151s minden olyan k\u00f6lts\u00e9g\u00e9rt is, amely a j\u00e1rm\u0171 homokb\u00f3l vagy b\u00e1rmely m\u00e1s, elismert t\u00e9rk\u00e9pen nem szerepl\u0151 \u00faton k\u00edv\u00fcli helyr\u0151l t\u00f6rt\u00e9n\u0151 elvontat\u00e1s\u00e1val j\u00e1r.<\/p><p> A b\u00e9relt aut\u00f3 kiz\u00e1r\u00f3lag utasok sz\u00e1ll\u00edt\u00e1s\u00e1ra haszn\u00e1lhat\u00f3, \u00e9s semmilyen m\u00e1s c\u00e9lra.<\/p><p> A b\u00e9relt aut\u00f3 tulajdonosa a b\u00e9rleti id\u0151szak alatt b\u00e1rmikor jogosult a b\u00e9relt aut\u00f3t ellen\u0151rz\u00e9s c\u00e9lj\u00e1b\u00f3l visszavenni. A b\u00e9rl\u0151nek nincs joga m\u00e1s szem\u00e9lynek megengedni az aut\u00f3 vezet\u00e9s\u00e9t. Abban az esetben, ha a b\u00e9rl\u0151n k\u00edv\u00fcl harmadik f\u00e9l vezeti az aut\u00f3t, a biztos\u00edt\u00e1si fedezet automatikusan megsz\u0171nik, \u00e9s a b\u00e9rl\u0151 felel\u0151s a j\u00e1rm\u0171ben \u00e9s annak utasai \u00e1ltal okozott minden k\u00e1r\u00e9rt.  <\/p><p> <\/p>\t\t\t\t\t\t\t\t<\/div>\n\t\t\t\t<\/div>\n\t\t\t\t\t<\/div>\n\t\t<\/div>\n\t\t\t\t\t<\/div>\n\t\t<\/section>\n\t\t\t\t<\/div>\n\t\t","protected":false},"excerpt":{"rendered":"<p>B\u00c9RLETI FELT\u00c9TELEK 1. Minden d\u00edj el\u0151re fizetend\u0151. 2. A b\u00e9rl\u0151 csak akkor vezethet j\u00e1rm\u0171vet, ha jogilag jogosult r\u00e1, \u00e9s mindenkor gondosan \u00e9s szakszer\u0171en, a jogi k\u00f6vetelm\u00e9nyeknek, valamint a Tulajdonos standard biztos\u00edt\u00e1si k\u00f6tv\u00e9ny\u00e9nek felt\u00e9telei szerint vezeti, amely megtekinthet\u0151 a Tulajdonos irod\u00e1j\u00e1ban. 3. A b\u00e9rl\u0151 nem viheti ki a j\u00e1rm\u0171vet Ciprusr\u00f3l, mindenkor a birtok\u00e1ban \u00e9s fel\u00fcgyelete alatt &hellip; <\/p>\n<p class=\"link-more\"><a href=\"https:\/\/pkacarrentals.com\/hu\/altalanos-szerzodesi-feltetelek\/\" class=\"more-link\"><span class=\"screen-reader-text\"> prova \"\u00c1ltal\u00e1nos Szerz\u0151d\u00e9si Felt\u00e9telek\"<\/span><\/a><\/p>\n","protected":false},"author":8,"featured_media":0,"parent":0,"menu_order":0,"comment_status":"closed","ping_status":"closed","template":"elementor_header_footer","meta":{"_eb_attr":"","_monsterinsights_skip_tracking":false,"_monsterinsights_sitenote_active":false,"_monsterinsights_sitenote_note":"","_monsterinsights_sitenote_category":0,"footnotes":""},"class_list":["post-1289","page","type-page","status-publish","hentry"],"yoast_head":"<!-- This site is optimized with the Yoast SEO plugin v27.4 - https:\/\/yoast.com\/product\/yoast-seo-wordpress\/ -->\n<title>\u00c1ltal\u00e1nos Szerz\u0151d\u00e9si Felt\u00e9telek - Pka Car Rentals<\/title>\n<meta name=\"robots\" content=\"index, follow, max-snippet:-1, max-image-preview:large, max-video-preview:-1\" \/>\n<link rel=\"canonical\" href=\"https:\/\/pkacarrentals.com\/hu\/altalanos-szerzodesi-feltetelek\/\" \/>\n<meta property=\"og:locale\" content=\"hu_HU\" \/>\n<meta property=\"og:type\" content=\"article\" \/>\n<meta property=\"og:title\" content=\"\u00c1ltal\u00e1nos Szerz\u0151d\u00e9si Felt\u00e9telek - Pka Car Rentals\" \/>\n<meta property=\"og:description\" content=\"B\u00c9RLETI FELT\u00c9TELEK 1. Minden d\u00edj el\u0151re fizetend\u0151. 2. A b\u00e9rl\u0151 csak akkor vezethet j\u00e1rm\u0171vet, ha jogilag jogosult r\u00e1, \u00e9s mindenkor gondosan \u00e9s szakszer\u0171en, a jogi k\u00f6vetelm\u00e9nyeknek, valamint a Tulajdonos standard biztos\u00edt\u00e1si k\u00f6tv\u00e9ny\u00e9nek felt\u00e9telei szerint vezeti, amely megtekinthet\u0151 a Tulajdonos irod\u00e1j\u00e1ban. 3. A b\u00e9rl\u0151 nem viheti ki a j\u00e1rm\u0171vet Ciprusr\u00f3l, mindenkor a birtok\u00e1ban \u00e9s fel\u00fcgyelete alatt &hellip; prova &quot;\u00c1ltal\u00e1nos Szerz\u0151d\u00e9si Felt\u00e9telek&quot;\" \/>\n<meta property=\"og:url\" content=\"https:\/\/pkacarrentals.com\/hu\/altalanos-szerzodesi-feltetelek\/\" \/>\n<meta property=\"og:site_name\" content=\"Pka Car Rentals\" \/>\n<meta property=\"article:publisher\" content=\"https:\/\/www.facebook.com\/Pka-car-rentals-103986128976413\" \/>\n<meta property=\"article:modified_time\" content=\"2025-11-27T11:30:58+00:00\" \/>\n<meta name=\"twitter:card\" content=\"summary_large_image\" \/>\n<meta name=\"twitter:label1\" content=\"Becs\u00fclt olvas\u00e1si id\u0151\" \/>\n\t<meta name=\"twitter:data1\" content=\"7 perc\" \/>\n<script type=\"application\/ld+json\" class=\"yoast-schema-graph\">{\"@context\":\"https:\\\/\\\/schema.org\",\"@graph\":[{\"@type\":\"WebPage\",\"@id\":\"https:\\\/\\\/pkacarrentals.com\\\/hu\\\/altalanos-szerzodesi-feltetelek\\\/\",\"url\":\"https:\\\/\\\/pkacarrentals.com\\\/hu\\\/altalanos-szerzodesi-feltetelek\\\/\",\"name\":\"\u00c1ltal\u00e1nos Szerz\u0151d\u00e9si Felt\u00e9telek - Pka Car Rentals\",\"isPartOf\":{\"@id\":\"https:\\\/\\\/pkacarrentals.com\\\/hu\\\/#website\"},\"datePublished\":\"2022-05-14T08:26:36+00:00\",\"dateModified\":\"2025-11-27T11:30:58+00:00\",\"breadcrumb\":{\"@id\":\"https:\\\/\\\/pkacarrentals.com\\\/hu\\\/altalanos-szerzodesi-feltetelek\\\/#breadcrumb\"},\"inLanguage\":\"hu\",\"potentialAction\":[{\"@type\":\"ReadAction\",\"target\":[\"https:\\\/\\\/pkacarrentals.com\\\/hu\\\/altalanos-szerzodesi-feltetelek\\\/\"]}]},{\"@type\":\"BreadcrumbList\",\"@id\":\"https:\\\/\\\/pkacarrentals.com\\\/hu\\\/altalanos-szerzodesi-feltetelek\\\/#breadcrumb\",\"itemListElement\":[{\"@type\":\"ListItem\",\"position\":1,\"name\":\"Home\",\"item\":\"https:\\\/\\\/pkacarrentals.com\\\/hu\\\/kezdolap\\\/\"},{\"@type\":\"ListItem\",\"position\":2,\"name\":\"\u00c1ltal\u00e1nos Szerz\u0151d\u00e9si Felt\u00e9telek\"}]},{\"@type\":\"WebSite\",\"@id\":\"https:\\\/\\\/pkacarrentals.com\\\/hu\\\/#website\",\"url\":\"https:\\\/\\\/pkacarrentals.com\\\/hu\\\/\",\"name\":\"Pka Car Rentals\",\"description\":\"Enjoy your Holidays in Cyprus!\",\"publisher\":{\"@id\":\"https:\\\/\\\/pkacarrentals.com\\\/hu\\\/#organization\"},\"potentialAction\":[{\"@type\":\"SearchAction\",\"target\":{\"@type\":\"EntryPoint\",\"urlTemplate\":\"https:\\\/\\\/pkacarrentals.com\\\/hu\\\/?s={search_term_string}\"},\"query-input\":{\"@type\":\"PropertyValueSpecification\",\"valueRequired\":true,\"valueName\":\"search_term_string\"}}],\"inLanguage\":\"hu\"},{\"@type\":\"Organization\",\"@id\":\"https:\\\/\\\/pkacarrentals.com\\\/hu\\\/#organization\",\"name\":\"PKA CAR RENTALS\",\"url\":\"https:\\\/\\\/pkacarrentals.com\\\/hu\\\/\",\"logo\":{\"@type\":\"ImageObject\",\"inLanguage\":\"hu\",\"@id\":\"https:\\\/\\\/pkacarrentals.com\\\/hu\\\/#\\\/schema\\\/logo\\\/image\\\/\",\"url\":\"https:\\\/\\\/pkacarrentals.com\\\/wp-content\\\/uploads\\\/2022\\\/05\\\/cropped-PKA-1.png\",\"contentUrl\":\"https:\\\/\\\/pkacarrentals.com\\\/wp-content\\\/uploads\\\/2022\\\/05\\\/cropped-PKA-1.png\",\"width\":512,\"height\":512,\"caption\":\"PKA CAR RENTALS\"},\"image\":{\"@id\":\"https:\\\/\\\/pkacarrentals.com\\\/hu\\\/#\\\/schema\\\/logo\\\/image\\\/\"},\"sameAs\":[\"https:\\\/\\\/www.facebook.com\\\/Pka-car-rentals-103986128976413\",\"https:\\\/\\\/www.youtube.com\\\/channel\\\/UCr3NDZJ_6P6f6HpsJtr2frw\"]}]}<\/script>\n<!-- \/ Yoast SEO plugin. -->","yoast_head_json":{"title":"\u00c1ltal\u00e1nos Szerz\u0151d\u00e9si Felt\u00e9telek - Pka Car Rentals","robots":{"index":"index","follow":"follow","max-snippet":"max-snippet:-1","max-image-preview":"max-image-preview:large","max-video-preview":"max-video-preview:-1"},"canonical":"https:\/\/pkacarrentals.com\/hu\/altalanos-szerzodesi-feltetelek\/","og_locale":"hu_HU","og_type":"article","og_title":"\u00c1ltal\u00e1nos Szerz\u0151d\u00e9si Felt\u00e9telek - Pka Car Rentals","og_description":"B\u00c9RLETI FELT\u00c9TELEK 1. Minden d\u00edj el\u0151re fizetend\u0151. 2. A b\u00e9rl\u0151 csak akkor vezethet j\u00e1rm\u0171vet, ha jogilag jogosult r\u00e1, \u00e9s mindenkor gondosan \u00e9s szakszer\u0171en, a jogi k\u00f6vetelm\u00e9nyeknek, valamint a Tulajdonos standard biztos\u00edt\u00e1si k\u00f6tv\u00e9ny\u00e9nek felt\u00e9telei szerint vezeti, amely megtekinthet\u0151 a Tulajdonos irod\u00e1j\u00e1ban. 3. A b\u00e9rl\u0151 nem viheti ki a j\u00e1rm\u0171vet Ciprusr\u00f3l, mindenkor a birtok\u00e1ban \u00e9s fel\u00fcgyelete alatt &hellip; prova \"\u00c1ltal\u00e1nos Szerz\u0151d\u00e9si Felt\u00e9telek\"","og_url":"https:\/\/pkacarrentals.com\/hu\/altalanos-szerzodesi-feltetelek\/","og_site_name":"Pka Car Rentals","article_publisher":"https:\/\/www.facebook.com\/Pka-car-rentals-103986128976413","article_modified_time":"2025-11-27T11:30:58+00:00","twitter_card":"summary_large_image","twitter_misc":{"Becs\u00fclt olvas\u00e1si id\u0151":"7 perc"},"schema":{"@context":"https:\/\/schema.org","@graph":[{"@type":"WebPage","@id":"https:\/\/pkacarrentals.com\/hu\/altalanos-szerzodesi-feltetelek\/","url":"https:\/\/pkacarrentals.com\/hu\/altalanos-szerzodesi-feltetelek\/","name":"\u00c1ltal\u00e1nos Szerz\u0151d\u00e9si Felt\u00e9telek - Pka Car Rentals","isPartOf":{"@id":"https:\/\/pkacarrentals.com\/hu\/#website"},"datePublished":"2022-05-14T08:26:36+00:00","dateModified":"2025-11-27T11:30:58+00:00","breadcrumb":{"@id":"https:\/\/pkacarrentals.com\/hu\/altalanos-szerzodesi-feltetelek\/#breadcrumb"},"inLanguage":"hu","potentialAction":[{"@type":"ReadAction","target":["https:\/\/pkacarrentals.com\/hu\/altalanos-szerzodesi-feltetelek\/"]}]},{"@type":"BreadcrumbList","@id":"https:\/\/pkacarrentals.com\/hu\/altalanos-szerzodesi-feltetelek\/#breadcrumb","itemListElement":[{"@type":"ListItem","position":1,"name":"Home","item":"https:\/\/pkacarrentals.com\/hu\/kezdolap\/"},{"@type":"ListItem","position":2,"name":"\u00c1ltal\u00e1nos Szerz\u0151d\u00e9si Felt\u00e9telek"}]},{"@type":"WebSite","@id":"https:\/\/pkacarrentals.com\/hu\/#website","url":"https:\/\/pkacarrentals.com\/hu\/","name":"Pka Car Rentals","description":"Enjoy your Holidays in Cyprus!","publisher":{"@id":"https:\/\/pkacarrentals.com\/hu\/#organization"},"potentialAction":[{"@type":"SearchAction","target":{"@type":"EntryPoint","urlTemplate":"https:\/\/pkacarrentals.com\/hu\/?s={search_term_string}"},"query-input":{"@type":"PropertyValueSpecification","valueRequired":true,"valueName":"search_term_string"}}],"inLanguage":"hu"},{"@type":"Organization","@id":"https:\/\/pkacarrentals.com\/hu\/#organization","name":"PKA CAR RENTALS","url":"https:\/\/pkacarrentals.com\/hu\/","logo":{"@type":"ImageObject","inLanguage":"hu","@id":"https:\/\/pkacarrentals.com\/hu\/#\/schema\/logo\/image\/","url":"https:\/\/pkacarrentals.com\/wp-content\/uploads\/2022\/05\/cropped-PKA-1.png","contentUrl":"https:\/\/pkacarrentals.com\/wp-content\/uploads\/2022\/05\/cropped-PKA-1.png","width":512,"height":512,"caption":"PKA CAR RENTALS"},"image":{"@id":"https:\/\/pkacarrentals.com\/hu\/#\/schema\/logo\/image\/"},"sameAs":["https:\/\/www.facebook.com\/Pka-car-rentals-103986128976413","https:\/\/www.youtube.com\/channel\/UCr3NDZJ_6P6f6HpsJtr2frw"]}]}},"jetpack_sharing_enabled":true,"_links":{"self":[{"href":"https:\/\/pkacarrentals.com\/hu\/wp-json\/wp\/v2\/pages\/1289","targetHints":{"allow":["GET"]}}],"collection":[{"href":"https:\/\/pkacarrentals.com\/hu\/wp-json\/wp\/v2\/pages"}],"about":[{"href":"https:\/\/pkacarrentals.com\/hu\/wp-json\/wp\/v2\/types\/page"}],"author":[{"embeddable":true,"href":"https:\/\/pkacarrentals.com\/hu\/wp-json\/wp\/v2\/users\/8"}],"replies":[{"embeddable":true,"href":"https:\/\/pkacarrentals.com\/hu\/wp-json\/wp\/v2\/comments?post=1289"}],"version-history":[{"count":1,"href":"https:\/\/pkacarrentals.com\/hu\/wp-json\/wp\/v2\/pages\/1289\/revisions"}],"predecessor-version":[{"id":1290,"href":"https:\/\/pkacarrentals.com\/hu\/wp-json\/wp\/v2\/pages\/1289\/revisions\/1290"}],"wp:attachment":[{"href":"https:\/\/pkacarrentals.com\/hu\/wp-json\/wp\/v2\/media?parent=1289"}],"curies":[{"name":"wp","href":"https:\/\/api.w.org\/{rel}","templated":true}]}}