{"id":1213,"date":"2022-05-14T08:26:36","date_gmt":"2022-05-14T08:26:36","guid":{"rendered":"https:\/\/pkacarrentals.com\/warunki-i-postanowienia\/"},"modified":"2025-11-27T10:17:26","modified_gmt":"2025-11-27T10:17:26","slug":"warunki-i-postanowienia","status":"publish","type":"page","link":"https:\/\/pkacarrentals.com\/pl\/warunki-i-postanowienia\/","title":{"rendered":"Warunki i postanowienia"},"content":{"rendered":"\t\t<div data-elementor-type=\"wp-page\" data-elementor-id=\"1213\" class=\"elementor elementor-1213 elementor-78\" data-elementor-post-type=\"page\">\n\t\t\t\t\t\t<section class=\"elementor-section elementor-top-section elementor-element elementor-element-5b07cbb elementor-section-full_width elementor-section-stretched elementor-section-height-default elementor-section-height-default\" data-id=\"5b07cbb\" data-element_type=\"section\" data-e-type=\"section\" data-settings=\"{&quot;stretch_section&quot;:&quot;section-stretched&quot;}\">\n\t\t\t\t\t\t<div class=\"elementor-container elementor-column-gap-default\">\n\t\t\t\t\t<div class=\"elementor-column elementor-col-100 elementor-top-column elementor-element elementor-element-f5b16fb\" data-id=\"f5b16fb\" data-element_type=\"column\" data-e-type=\"column\">\n\t\t\t<div class=\"elementor-widget-wrap elementor-element-populated\">\n\t\t\t\t\t\t<div class=\"elementor-element elementor-element-528e44f elementor-widget elementor-widget-heading\" data-id=\"528e44f\" data-element_type=\"widget\" data-e-type=\"widget\" data-widget_type=\"heading.default\">\n\t\t\t\t<div class=\"elementor-widget-container\">\n\t\t\t\t\t<h1 class=\"elementor-heading-title elementor-size-default\">WARUNKI I POSTANOWIENIA WYNAJMU<\/h1>\t\t\t\t<\/div>\n\t\t\t\t<\/div>\n\t\t\t\t\t<\/div>\n\t\t<\/div>\n\t\t\t\t\t<\/div>\n\t\t<\/section>\n\t\t\t\t<section class=\"elementor-section elementor-top-section elementor-element elementor-element-57f44f5 elementor-section-stretched elementor-section-boxed elementor-section-height-default elementor-section-height-default\" data-id=\"57f44f5\" data-element_type=\"section\" data-e-type=\"section\" data-settings=\"{&quot;stretch_section&quot;:&quot;section-stretched&quot;}\">\n\t\t\t\t\t\t<div class=\"elementor-container elementor-column-gap-default\">\n\t\t\t\t\t<div class=\"elementor-column elementor-col-100 elementor-top-column elementor-element elementor-element-efa49db\" data-id=\"efa49db\" data-element_type=\"column\" data-e-type=\"column\">\n\t\t\t<div class=\"elementor-widget-wrap elementor-element-populated\">\n\t\t\t\t\t\t<div class=\"elementor-element elementor-element-2865404 elementor-widget elementor-widget-text-editor\" data-id=\"2865404\" data-element_type=\"widget\" data-e-type=\"widget\" data-widget_type=\"text-editor.default\">\n\t\t\t\t<div class=\"elementor-widget-container\">\n\t\t\t\t\t\t\t\t\t<p>1. Wszystkie op\u0142aty s\u0105 p\u0142atne z g\u00f3ry.<\/p><p><span style=\"color: var( --e-global-color-text ); font-family: var( --e-global-typography-text-font-family ), Sans-serif; font-weight: var( --e-global-typography-text-font-weight );\">2. Najemca b\u0119dzie prowadzi\u0142 pojazd tylko wtedy, gdy jest do tego uprawniony zgodnie z prawem i b\u0119dzie przez ca\u0142y czas prowadzi\u0142 pojazd w spos\u00f3b ostro\u017cny i umiej\u0119tny, zgodnie ze wszystkimi wymogami prawnymi oraz warunkami standardowej polisy ubezpieczeniowej W\u0142a\u015bciciela, kt\u00f3ra jest dost\u0119pna do wgl\u0105du w biurze W\u0142a\u015bciciela.<\/span><\/p><p><span style=\"color: var( --e-global-color-text ); font-family: var( --e-global-typography-text-font-family ), Sans-serif; font-weight: var( --e-global-typography-text-font-weight );\">3. Najemca nie b\u0119dzie wywozi\u0107 pojazdu poza Cypr i b\u0119dzie go przez ca\u0142y czas utrzymywa\u0142 w swoim posiadaniu i pieczy oraz nie zezwoli \u017cadnej innej osobie na prowadzenie pojazdu, chyba \u017ce za uprzedni\u0105 pisemn\u0105 zgod\u0105 w\u0142a\u015bciciela.<\/span><\/p><p><span style=\"color: var( --e-global-color-text ); font-family: var( --e-global-typography-text-font-family ), Sans-serif; font-weight: var( --e-global-typography-text-font-weight );\">4. Najemca zg\u0142osi w\u0142a\u015bcicielowi natychmiast ka\u017cdy wypadek z udzia\u0142em pojazdu, a tak\u017ce policji lub innym w\u0142a\u015bciwym w\u0142adzom i b\u0119dzie pomaga\u0142 w\u0142a\u015bcicielowi i ubezpieczycielom. Najemca nie b\u0119dzie, chyba \u017ce za pisemn\u0105 zgod\u0105 w\u0142a\u015bciciela, wydawa\u0142 polece\u0144 naprawy pojazdu ani wymienia\u0142 \u017cadnych jego cz\u0119\u015bci uszkodzonych lub utraconych w wyniku wypadku. Samoch\u00f3d nie mo\u017ce by\u0107 przemieszczany bez zgody w\u0142a\u015bciciela lub polece\u0144 policji.<\/span><\/p><p><span style=\"color: var( --e-global-color-text ); font-family: var( --e-global-typography-text-font-family ), Sans-serif; font-weight: var( --e-global-typography-text-font-weight );\">5. Najemca b\u0119dzie odpowiedzialny za pierwsze \u00a3 ---------- wszelkich strat lub szk\u00f3d spowodowanych lub wyrz\u0105dzonych pojazdowi, czy to przez kradzie\u017c, po\u017car, zniszczenie lub w inny spos\u00f3b, niezale\u017cnie od tego, czy taka szkoda lub strata jest spowodowana lub wyrz\u0105dzona przez moj\u0105 niedba\u0142o\u015b\u0107 lub naruszenie Warunk\u00f3w i Postanowie\u0144 Wynajmu, czy te\u017c w inny spos\u00f3b, ale nie b\u0119dzie odpowiedzialny za \u017cadne dalsze straty lub szkody w zakresie, w jakim ubezpieczyciele w\u0142a\u015bciciela zgodz\u0105 si\u0119 zrekompensowa\u0107 w\u0142a\u015bcicielowi te same zgodnie z polis\u0105 ubezpieczeniow\u0105. Z wyj\u0105tkiem wy\u017cej wymienionych, najemca zabezpieczy w\u0142a\u015bciciela przed wszelkimi stratami poniesionymi przez w\u0142a\u015bciciela (w tym stratami wynikaj\u0105cymi z niemo\u017cno\u015bci korzystania z pojazdu lub wynaj\u0119cia go) w konsekwencji zniszczenia, utraty lub kradzie\u017cy lub uszkodzenia pojazdu przed zwrotem pojazdu w\u0142a\u015bcicielowi lub przed up\u0142ywem okresu umowy, najemca zwr\u00f3ci pojazd w\u0142a\u015bcicielowi w tak dobrym stanie i kondycji, w jakim pojazd by\u0142, gdy zosta\u0142 odebrany przez najemc\u0119 od w\u0142a\u015bciciela, pozostawiaj\u0105c pojazd pod adresem w\u0142a\u015bciciela podanym w tej umowie lub pod innym adresem w promieniu ----- mil od tego adresu, zgodnie z wymaganiami w\u0142a\u015bciciela.<\/span><\/p><p><span style=\"color: var( --e-global-color-text ); font-family: var( --e-global-typography-text-font-family ), Sans-serif; font-weight: var( --e-global-typography-text-font-weight );\">6. W\u0142a\u015bciciel nie b\u0119dzie, w \u017cadnych okoliczno\u015bciach, zobowi\u0105zany do dokonania jakiejkolwiek p\u0142atno\u015bci na rzecz najemcy w odniesieniu do lub do zabezpieczenia najemcy przed jak\u0105kolwiek strat\u0105, obra\u017ceniami lub szkodami poniesionymi przez najemc\u0119 lub jak\u0105kolwiek osob\u0119 trzeci\u0105 w wyniku obecno\u015bci lub u\u017cytkowania pojazdu lub w wyniku jakiejkolwiek wady w nim, a przyjmuj\u0105c pojazd, najemca b\u0119dzie uwa\u017cany za usatysfakcjonowanego, \u017ce jest on pod ka\u017cdym wzgl\u0119dem zdatny do ruchu drogowego i w odpowiednim i bezpiecznym stanie, przy czym zawsze rozumie si\u0119 i uzgadnia, \u017ce pojazd jest bezwzgl\u0119dn\u0105 w\u0142asno\u015bci\u0105 w\u0142a\u015bciciela, a najemca jest jedynie depozytariuszem.<\/span><\/p><p><span style=\"color: var( --e-global-color-text ); font-family: var( --e-global-typography-text-font-family ), Sans-serif; font-weight: var( --e-global-typography-text-font-weight );\">7. \u017badne z\u0142agodzenie, pob\u0142a\u017cliwo\u015b\u0107 lub wyrozumia\u0142o\u015b\u0107 ze strony w\u0142a\u015bcicieli w egzekwowaniu kt\u00f3regokolwiek z warunk\u00f3w i postanowie\u0144 niniejszej umowy nie b\u0119dzie narusza\u0107 ani wp\u0142ywa\u0107 na prawa w\u0142a\u015bcicieli wynikaj\u0105ce z niniejszej umowy, ani \u017cadne zrzeczenie si\u0119 jakiegokolwiek naruszenia nie b\u0119dzie dzia\u0142a\u0107 jako zrzeczenie si\u0119 jakiegokolwiek p\u00f3\u017aniejszego lub ci\u0105g\u0142ego naruszenia.<\/span><\/p><p><span style=\"color: var( --e-global-color-text ); font-family: var( --e-global-typography-text-font-family ), Sans-serif; font-weight: var( --e-global-typography-text-font-weight );\">8. Wspomniany samoch\u00f3d b\u0119dzie u\u017cywany w obr\u0119bie geograficznego obszaru Cypru, kt\u00f3ry znajduje si\u0119 pod pe\u0142n\u0105 kontrol\u0105 Rz\u0105du Republiki Cypru (lub w\u0142adz Suwerennego Obszaru Baz) i nie b\u0119dzie u\u017cywany na obszarach kontrolowanych przez armi\u0119 tureck\u0105 lub Turk\u00f3w cypryjskich, ani w bliskiej odleg\u0142o\u015bci od takich obszar\u00f3w. Najemca zobowi\u0105zuje si\u0119 osobi\u015bcie do zabezpieczenia i ochrony w\u0142a\u015bciciela przed wszelkimi stratami lub szkodami, kt\u00f3re mog\u0105 wynikn\u0105\u0107 z naruszenia powy\u017cszego zobowi\u0105zania.<\/span><\/p><p><span style=\"color: var( --e-global-color-text ); font-family: var( --e-global-typography-text-font-family ), Sans-serif; font-weight: var( --e-global-typography-text-font-weight );\">9. Okres wynajmu mo\u017ce by\u0107 przed\u0142u\u017cony tylko za pisemn\u0105 zgod\u0105 w\u0142a\u015bciciela i pod warunkiem, \u017ce zostanie on powiadomiony z 48-godzinnym wyprzedzeniem.<\/span><\/p><p><span style=\"color: var( --e-global-color-text ); font-family: var( --e-global-typography-text-font-family ), Sans-serif; font-weight: var( --e-global-typography-text-font-weight );\">10. \u017badne pieni\u0105dze nie mog\u0105 by\u0107 zwr\u00f3cone w \u017cadnym przypadku po podpisaniu tej umowy.<\/span><\/p><p><span style=\"color: var( --e-global-color-text ); font-family: var( --e-global-typography-text-font-family ), Sans-serif; font-weight: var( --e-global-typography-text-font-weight );\">11. W przypadku wypadku spowodowanego niedbalstwem najemcy, niniejsza umowa zostaje automatycznie rozwi\u0105zana i \u017cadne pieni\u0105dze nie mog\u0105 by\u0107 zwr\u00f3cone.<\/span><\/p><p><span style=\"color: var( --e-global-color-text ); font-family: var( --e-global-typography-text-font-family ), Sans-serif; font-weight: var( --e-global-typography-text-font-weight );\">12. Najemca zgadza si\u0119:<\/span><\/p><p>  a) nie zezwala\u0107 \u017cadnej innej osobie na prowadzenie pojazdu, chyba \u017ce uzyska pisemn\u0105 zgod\u0119 w\u0142a\u015bciciela.<\/p><p>  b) \u017be \u017cadnej osobie z wadami fizycznymi, psychicznymi, wzroku lub s\u0142uchu nie b\u0119dzie wolno prowadzi\u0107 pojazdu.<\/p><p>  c) \u017be pojazd nie b\u0119dzie u\u017cywany na nieasfaltowanych drogach, do nap\u0119dzania lub holowania innego pojazdu, do wy\u015bcig\u00f3w, do test\u00f3w pr\u0119dko\u015bci, do przewozu pasa\u017cer\u00f3w lub towar\u00f3w za wynagrodzeniem, poza Cyprem, na okupowanych przez Turcj\u0119 obszarach Cypru lub do jakichkolwiek nielegalnych cel\u00f3w.<\/p><p>  d) Nie prowadzi\u0107 pojazdu na p\u0142askich oponach. W takim przypadku wszystkie szkody s\u0105 jego odpowiedzialno\u015bci\u0105.<\/p><p>  e) \u017be wszystkie mandaty drogowe s\u0105 odpowiedzialno\u015bci\u0105 najemcy.<\/p><p>  f) Prowadzi\u0107 pojazd z ostro\u017cno\u015bci\u0105 przez ca\u0142y czas.<\/p><p>  g) Utrzymywa\u0107 pojazd w dobrym stanie technicznym, sprawdzaj\u0105c wod\u0119, olej, opony itp.<\/p><p>  h) Zwr\u00f3ci\u0107 pojazd w takim samym dobrym stanie, w jakim zosta\u0142 mu dostarczony.<\/p><p>13. W\u0142a\u015bciciel ma prawo rozwi\u0105za\u0107 niniejsz\u0105 umow\u0119 i przej\u0105\u0107 posiadanie pojazdu w dowolnym momencie, je\u015bli wed\u0142ug jego absolutnego uznania uwa\u017ca, \u017ce wynaj\u0119ty pojazd nie jest obs\u0142ugiwany we w\u0142a\u015bciwy spos\u00f3b.<\/p><p>14. \u017badna osoba nie mo\u017ce wynaj\u0105\u0107 pojazdu, je\u015bli jest w wieku poni\u017cej 25 lat, chyba \u017ce:<\/p><p>  a) Posiada wa\u017cne prawo jazdy od ponad trzech lat.<\/p><p>  b) Zosta\u0142y dokonane specjalne ustalenia dotycz\u0105ce dodatkowego ubezpieczenia.<\/p><p>15. Je\u015bli pojazd nie zostanie dostarczony przez najemc\u0119 w uzgodnionym terminie, czasie i miejscu, w\u0142a\u015bciciel ma prawo przej\u0105\u0107 posiadanie pojazdu wszelkimi \u015brodkami. Je\u015bli nie jest w stanie tego zrobi\u0107, ma prawo zg\u0142osi\u0107 kradzie\u017c pojazdu, anulowa\u0107 wszystkie ubezpieczenia i zg\u0142osi\u0107 to policji.<\/p><p>16. Wyra\u017cenie \u201epojazd\" obejmuje wszystkie opony, akcesoria, narz\u0119dzia i inne przedmioty, w kt\u00f3re jest wyposa\u017cony, a najemca o\u015bwiadcza, \u017ce je sprawdzi\u0142.<\/p><p>17. Najemca b\u0119dzie odpowiedzialny za wszelkie uszkodzenia spowodowane w dolnej cz\u0119\u015bci pojazdu, tj. misce olejowej silnika, uk\u0142adzie wydechowym, osi, zbiorniku paliwa, ko\u0142ach, oponach itp., je\u015bli wspomniany pojazd nie uczestniczy\u0142 w bezpo\u015bredniej kolizji z innym pojazdem.<\/p><p>  Najemca b\u0119dzie r\u00f3wnie\u017c odpowiedzialny za wszystkie wydatki zwi\u0105zane z holowaniem pojazdu z piasku i\/lub z jakiegokolwiek innego miejsca, kt\u00f3re nie znajduje si\u0119 na drodze widniej\u0105cej na uznanej mapie.<\/p><p>  Samoch\u00f3d wynaj\u0119ty jest przeznaczony wy\u0142\u0105cznie do przewozu pasa\u017cer\u00f3w i do \u017cadnego innego celu.<\/p><p>  W\u0142a\u015bciciel wynaj\u0119tego samochodu ma prawo w dowolnym momencie w okresie wynajmu do odebrania wynaj\u0119tego samochodu w celu inspekcji. Najemca nie ma prawa zezwala\u0107 \u017cadnej innej osobie na prowadzenie samochodu. W przypadku, gdy osoba trzecia inna ni\u017c najemca prowadzi samoch\u00f3d, automatycznie ochrona ubezpieczeniowa zostaje anulowana, a najemca staje si\u0119 odpowiedzialny za wszystkie szkody wyrz\u0105dzone pojazdowi i jego pasa\u017cerom.<\/p><p> <\/p>\t\t\t\t\t\t\t\t<\/div>\n\t\t\t\t<\/div>\n\t\t\t\t\t<\/div>\n\t\t<\/div>\n\t\t\t\t\t<\/div>\n\t\t<\/section>\n\t\t\t\t<\/div>\n\t\t","protected":false},"excerpt":{"rendered":"<p>WARUNKI I POSTANOWIENIA WYNAJMU 1. Wszystkie op\u0142aty s\u0105 p\u0142atne z g\u00f3ry. 2. Najemca b\u0119dzie prowadzi\u0142 pojazd tylko wtedy, gdy jest do tego uprawniony zgodnie z prawem i b\u0119dzie przez ca\u0142y czas prowadzi\u0142 pojazd w spos\u00f3b ostro\u017cny i umiej\u0119tny, zgodnie ze wszystkimi wymogami prawnymi oraz warunkami standardowej polisy ubezpieczeniowej W\u0142a\u015bciciela, kt\u00f3ra jest dost\u0119pna do wgl\u0105du w &hellip; <\/p>\n<p class=\"link-more\"><a href=\"https:\/\/pkacarrentals.com\/pl\/warunki-i-postanowienia\/\" class=\"more-link\"><span class=\"screen-reader-text\">  pr\u00f3ba \"Warunki i postanowienia\"<\/span><\/a><\/p>\n","protected":false},"author":8,"featured_media":0,"parent":0,"menu_order":0,"comment_status":"closed","ping_status":"closed","template":"elementor_header_footer","meta":{"_eb_attr":"","_monsterinsights_skip_tracking":false,"_monsterinsights_sitenote_active":false,"_monsterinsights_sitenote_note":"","_monsterinsights_sitenote_category":0,"footnotes":""},"class_list":["post-1213","page","type-page","status-publish","hentry"],"yoast_head":"<!-- This site is optimized with the Yoast SEO plugin v27.4 - https:\/\/yoast.com\/product\/yoast-seo-wordpress\/ -->\n<title>Warunki i postanowienia - PKA Car Rentals<\/title>\n<meta name=\"robots\" content=\"index, follow, max-snippet:-1, max-image-preview:large, max-video-preview:-1\" \/>\n<link rel=\"canonical\" href=\"https:\/\/pkacarrentals.com\/pl\/warunki-i-postanowienia\/\" \/>\n<meta property=\"og:locale\" content=\"pl_PL\" \/>\n<meta property=\"og:type\" content=\"article\" \/>\n<meta property=\"og:title\" content=\"Warunki i postanowienia - PKA Car Rentals\" \/>\n<meta property=\"og:description\" content=\"WARUNKI I POSTANOWIENIA WYNAJMU 1. Wszystkie op\u0142aty s\u0105 p\u0142atne z g\u00f3ry. 2. Najemca b\u0119dzie prowadzi\u0142 pojazd tylko wtedy, gdy jest do tego uprawniony zgodnie z prawem i b\u0119dzie przez ca\u0142y czas prowadzi\u0142 pojazd w spos\u00f3b ostro\u017cny i umiej\u0119tny, zgodnie ze wszystkimi wymogami prawnymi oraz warunkami standardowej polisy ubezpieczeniowej W\u0142a\u015bciciela, kt\u00f3ra jest dost\u0119pna do wgl\u0105du w &hellip;  pr\u00f3ba &quot;Warunki i postanowienia&quot;\" \/>\n<meta property=\"og:url\" content=\"https:\/\/pkacarrentals.com\/pl\/warunki-i-postanowienia\/\" \/>\n<meta property=\"og:site_name\" content=\"PKA Car Rentals\" \/>\n<meta property=\"article:publisher\" content=\"https:\/\/www.facebook.com\/Pka-car-rentals-103986128976413\" \/>\n<meta property=\"article:modified_time\" content=\"2025-11-27T10:17:26+00:00\" \/>\n<meta name=\"twitter:card\" content=\"summary_large_image\" \/>\n<meta name=\"twitter:label1\" content=\"Szacowany czas czytania\" \/>\n\t<meta name=\"twitter:data1\" content=\"6 minut\" \/>\n<script type=\"application\/ld+json\" class=\"yoast-schema-graph\">{\"@context\":\"https:\\\/\\\/schema.org\",\"@graph\":[{\"@type\":\"WebPage\",\"@id\":\"https:\\\/\\\/pkacarrentals.com\\\/pl\\\/warunki-i-postanowienia\\\/\",\"url\":\"https:\\\/\\\/pkacarrentals.com\\\/pl\\\/warunki-i-postanowienia\\\/\",\"name\":\"Warunki i postanowienia - PKA Car Rentals\",\"isPartOf\":{\"@id\":\"https:\\\/\\\/pkacarrentals.com\\\/pl\\\/#website\"},\"datePublished\":\"2022-05-14T08:26:36+00:00\",\"dateModified\":\"2025-11-27T10:17:26+00:00\",\"breadcrumb\":{\"@id\":\"https:\\\/\\\/pkacarrentals.com\\\/pl\\\/warunki-i-postanowienia\\\/#breadcrumb\"},\"inLanguage\":\"pl-PL\",\"potentialAction\":[{\"@type\":\"ReadAction\",\"target\":[\"https:\\\/\\\/pkacarrentals.com\\\/pl\\\/warunki-i-postanowienia\\\/\"]}]},{\"@type\":\"BreadcrumbList\",\"@id\":\"https:\\\/\\\/pkacarrentals.com\\\/pl\\\/warunki-i-postanowienia\\\/#breadcrumb\",\"itemListElement\":[{\"@type\":\"ListItem\",\"position\":1,\"name\":\"Strona g\u0142\u00f3wna\",\"item\":\"https:\\\/\\\/pkacarrentals.com\\\/pl\\\/strona-glowna\\\/\"},{\"@type\":\"ListItem\",\"position\":2,\"name\":\"Warunki i postanowienia\"}]},{\"@type\":\"WebSite\",\"@id\":\"https:\\\/\\\/pkacarrentals.com\\\/pl\\\/#website\",\"url\":\"https:\\\/\\\/pkacarrentals.com\\\/pl\\\/\",\"name\":\"PKA Car Rentals\",\"description\":\"Ciesz si\u0119 wakacjami na Cyprze!\",\"publisher\":{\"@id\":\"https:\\\/\\\/pkacarrentals.com\\\/pl\\\/#organization\"},\"potentialAction\":[{\"@type\":\"SearchAction\",\"target\":{\"@type\":\"EntryPoint\",\"urlTemplate\":\"https:\\\/\\\/pkacarrentals.com\\\/pl\\\/?s={search_term_string}\"},\"query-input\":{\"@type\":\"PropertyValueSpecification\",\"valueRequired\":true,\"valueName\":\"search_term_string\"}}],\"inLanguage\":\"pl-PL\"},{\"@type\":\"Organization\",\"@id\":\"https:\\\/\\\/pkacarrentals.com\\\/pl\\\/#organization\",\"name\":\"PKA CAR RENTALS\",\"url\":\"https:\\\/\\\/pkacarrentals.com\\\/pl\\\/\",\"logo\":{\"@type\":\"ImageObject\",\"inLanguage\":\"pl-PL\",\"@id\":\"https:\\\/\\\/pkacarrentals.com\\\/pl\\\/#\\\/schema\\\/logo\\\/image\\\/\",\"url\":\"https:\\\/\\\/pkacarrentals.com\\\/wp-content\\\/uploads\\\/2022\\\/05\\\/cropped-PKA-1.png\",\"contentUrl\":\"https:\\\/\\\/pkacarrentals.com\\\/wp-content\\\/uploads\\\/2022\\\/05\\\/cropped-PKA-1.png\",\"width\":512,\"height\":512,\"caption\":\"PKA CAR RENTALS\"},\"image\":{\"@id\":\"https:\\\/\\\/pkacarrentals.com\\\/pl\\\/#\\\/schema\\\/logo\\\/image\\\/\"},\"sameAs\":[\"https:\\\/\\\/www.facebook.com\\\/Pka-car-rentals-103986128976413\",\"https:\\\/\\\/www.youtube.com\\\/channel\\\/UCr3NDZJ_6P6f6HpsJtr2frw\"]}]}<\/script>\n<!-- \/ Yoast SEO plugin. -->","yoast_head_json":{"title":"Warunki i postanowienia - PKA Car Rentals","robots":{"index":"index","follow":"follow","max-snippet":"max-snippet:-1","max-image-preview":"max-image-preview:large","max-video-preview":"max-video-preview:-1"},"canonical":"https:\/\/pkacarrentals.com\/pl\/warunki-i-postanowienia\/","og_locale":"pl_PL","og_type":"article","og_title":"Warunki i postanowienia - PKA Car Rentals","og_description":"WARUNKI I POSTANOWIENIA WYNAJMU 1. Wszystkie op\u0142aty s\u0105 p\u0142atne z g\u00f3ry. 2. Najemca b\u0119dzie prowadzi\u0142 pojazd tylko wtedy, gdy jest do tego uprawniony zgodnie z prawem i b\u0119dzie przez ca\u0142y czas prowadzi\u0142 pojazd w spos\u00f3b ostro\u017cny i umiej\u0119tny, zgodnie ze wszystkimi wymogami prawnymi oraz warunkami standardowej polisy ubezpieczeniowej W\u0142a\u015bciciela, kt\u00f3ra jest dost\u0119pna do wgl\u0105du w &hellip;  pr\u00f3ba \"Warunki i postanowienia\"","og_url":"https:\/\/pkacarrentals.com\/pl\/warunki-i-postanowienia\/","og_site_name":"PKA Car Rentals","article_publisher":"https:\/\/www.facebook.com\/Pka-car-rentals-103986128976413","article_modified_time":"2025-11-27T10:17:26+00:00","twitter_card":"summary_large_image","twitter_misc":{"Szacowany czas czytania":"6 minut"},"schema":{"@context":"https:\/\/schema.org","@graph":[{"@type":"WebPage","@id":"https:\/\/pkacarrentals.com\/pl\/warunki-i-postanowienia\/","url":"https:\/\/pkacarrentals.com\/pl\/warunki-i-postanowienia\/","name":"Warunki i postanowienia - PKA Car Rentals","isPartOf":{"@id":"https:\/\/pkacarrentals.com\/pl\/#website"},"datePublished":"2022-05-14T08:26:36+00:00","dateModified":"2025-11-27T10:17:26+00:00","breadcrumb":{"@id":"https:\/\/pkacarrentals.com\/pl\/warunki-i-postanowienia\/#breadcrumb"},"inLanguage":"pl-PL","potentialAction":[{"@type":"ReadAction","target":["https:\/\/pkacarrentals.com\/pl\/warunki-i-postanowienia\/"]}]},{"@type":"BreadcrumbList","@id":"https:\/\/pkacarrentals.com\/pl\/warunki-i-postanowienia\/#breadcrumb","itemListElement":[{"@type":"ListItem","position":1,"name":"Strona g\u0142\u00f3wna","item":"https:\/\/pkacarrentals.com\/pl\/strona-glowna\/"},{"@type":"ListItem","position":2,"name":"Warunki i postanowienia"}]},{"@type":"WebSite","@id":"https:\/\/pkacarrentals.com\/pl\/#website","url":"https:\/\/pkacarrentals.com\/pl\/","name":"PKA Car Rentals","description":"Ciesz si\u0119 wakacjami na Cyprze!","publisher":{"@id":"https:\/\/pkacarrentals.com\/pl\/#organization"},"potentialAction":[{"@type":"SearchAction","target":{"@type":"EntryPoint","urlTemplate":"https:\/\/pkacarrentals.com\/pl\/?s={search_term_string}"},"query-input":{"@type":"PropertyValueSpecification","valueRequired":true,"valueName":"search_term_string"}}],"inLanguage":"pl-PL"},{"@type":"Organization","@id":"https:\/\/pkacarrentals.com\/pl\/#organization","name":"PKA CAR RENTALS","url":"https:\/\/pkacarrentals.com\/pl\/","logo":{"@type":"ImageObject","inLanguage":"pl-PL","@id":"https:\/\/pkacarrentals.com\/pl\/#\/schema\/logo\/image\/","url":"https:\/\/pkacarrentals.com\/wp-content\/uploads\/2022\/05\/cropped-PKA-1.png","contentUrl":"https:\/\/pkacarrentals.com\/wp-content\/uploads\/2022\/05\/cropped-PKA-1.png","width":512,"height":512,"caption":"PKA CAR RENTALS"},"image":{"@id":"https:\/\/pkacarrentals.com\/pl\/#\/schema\/logo\/image\/"},"sameAs":["https:\/\/www.facebook.com\/Pka-car-rentals-103986128976413","https:\/\/www.youtube.com\/channel\/UCr3NDZJ_6P6f6HpsJtr2frw"]}]}},"jetpack_sharing_enabled":true,"_links":{"self":[{"href":"https:\/\/pkacarrentals.com\/pl\/wp-json\/wp\/v2\/pages\/1213","targetHints":{"allow":["GET"]}}],"collection":[{"href":"https:\/\/pkacarrentals.com\/pl\/wp-json\/wp\/v2\/pages"}],"about":[{"href":"https:\/\/pkacarrentals.com\/pl\/wp-json\/wp\/v2\/types\/page"}],"author":[{"embeddable":true,"href":"https:\/\/pkacarrentals.com\/pl\/wp-json\/wp\/v2\/users\/8"}],"replies":[{"embeddable":true,"href":"https:\/\/pkacarrentals.com\/pl\/wp-json\/wp\/v2\/comments?post=1213"}],"version-history":[{"count":1,"href":"https:\/\/pkacarrentals.com\/pl\/wp-json\/wp\/v2\/pages\/1213\/revisions"}],"predecessor-version":[{"id":1214,"href":"https:\/\/pkacarrentals.com\/pl\/wp-json\/wp\/v2\/pages\/1213\/revisions\/1214"}],"wp:attachment":[{"href":"https:\/\/pkacarrentals.com\/pl\/wp-json\/wp\/v2\/media?parent=1213"}],"curies":[{"name":"wp","href":"https:\/\/api.w.org\/{rel}","templated":true}]}}