{"id":1215,"date":"2024-11-26T22:54:18","date_gmt":"2024-11-26T22:54:18","guid":{"rendered":"https:\/\/pkacarrentals.com\/kontakt\/"},"modified":"2025-11-27T10:17:37","modified_gmt":"2025-11-27T10:17:37","slug":"kontakt","status":"publish","type":"page","link":"https:\/\/pkacarrentals.com\/pl\/kontakt\/","title":{"rendered":"Kontakt"},"content":{"rendered":"\t\t<div data-elementor-type=\"wp-page\" data-elementor-id=\"1215\" class=\"elementor elementor-1215 elementor-824\" data-elementor-post-type=\"page\">\n\t\t\t\t<div class=\"elementor-element elementor-element-e5718cb e-con-full e-flex e-con e-parent\" data-id=\"e5718cb\" data-element_type=\"container\" data-e-type=\"container\" data-settings=\"{&quot;background_background&quot;:&quot;classic&quot;}\">\n\t\t<div class=\"elementor-element elementor-element-3f73ab2 e-con-full e-flex e-con e-child\" data-id=\"3f73ab2\" data-element_type=\"container\" data-e-type=\"container\">\n\t\t\t\t<div class=\"elementor-element elementor-element-795ef21 elementor-widget elementor-widget-heading\" data-id=\"795ef21\" data-element_type=\"widget\" data-e-type=\"widget\" data-widget_type=\"heading.default\">\n\t\t\t\t<div class=\"elementor-widget-container\">\n\t\t\t\t\t<h2 class=\"elementor-heading-title elementor-size-default\">Potrzebujesz pomocy?\n<\/h2>\t\t\t\t<\/div>\n\t\t\t\t<\/div>\n\t\t\t\t<\/div>\n\t\t\t\t<\/div>\n\t\t<div class=\"elementor-element elementor-element-48a7e71 e-con-full e-flex e-con e-parent\" data-id=\"48a7e71\" data-element_type=\"container\" data-e-type=\"container\">\n\t\t<div class=\"elementor-element elementor-element-1b3d077 e-con-full e-flex e-con e-child\" data-id=\"1b3d077\" data-element_type=\"container\" data-e-type=\"container\">\n\t\t\t\t<div class=\"elementor-element elementor-element-8215969 elementor-position-inline-start elementor-view-default elementor-mobile-position-block-start elementor-widget elementor-widget-icon-box\" data-id=\"8215969\" data-element_type=\"widget\" data-e-type=\"widget\" data-widget_type=\"icon-box.default\">\n\t\t\t\t<div class=\"elementor-widget-container\">\n\t\t\t\t\t\t\t<div class=\"elementor-icon-box-wrapper\">\n\n\t\t\t\t\t\t<div class=\"elementor-icon-box-icon\">\n\t\t\t\t<span  class=\"elementor-icon\">\n\t\t\t\t<i aria-hidden=\"true\" class=\"fas fa-phone-alt\"><\/i>\t\t\t\t<\/span>\n\t\t\t<\/div>\n\t\t\t\n\t\t\t\t\t\t<div class=\"elementor-icon-box-content\">\n\n\t\t\t\t\t\t\t\t\t<h3 class=\"elementor-icon-box-title\">\n\t\t\t\t\t\t<span  >\n\t\t\t\t\t\t\tNumery telefon\u00f3w\t\t\t\t\t\t<\/span>\n\t\t\t\t\t<\/h3>\n\t\t\t\t\n\t\t\t\t\t\t\t\t\t<p class=\"elementor-icon-box-description\">\n\t\t\t\t\t\t+357 99755655 \/  +357 96385786\n\n\t\t\t\t\t<\/p>\n\t\t\t\t\n\t\t\t<\/div>\n\t\t\t\n\t\t<\/div>\n\t\t\t\t\t\t<\/div>\n\t\t\t\t<\/div>\n\t\t\t\t<\/div>\n\t\t<div class=\"elementor-element elementor-element-8056f5c e-con-full e-flex e-con e-child\" data-id=\"8056f5c\" data-element_type=\"container\" data-e-type=\"container\">\n\t\t\t\t<div class=\"elementor-element elementor-element-2523b65 elementor-position-inline-start elementor-view-default elementor-mobile-position-block-start elementor-widget elementor-widget-icon-box\" data-id=\"2523b65\" data-element_type=\"widget\" data-e-type=\"widget\" data-widget_type=\"icon-box.default\">\n\t\t\t\t<div class=\"elementor-widget-container\">\n\t\t\t\t\t\t\t<div class=\"elementor-icon-box-wrapper\">\n\n\t\t\t\t\t\t<div class=\"elementor-icon-box-icon\">\n\t\t\t\t<span  class=\"elementor-icon\">\n\t\t\t\t<i aria-hidden=\"true\" class=\"fas fa-stopwatch\"><\/i>\t\t\t\t<\/span>\n\t\t\t<\/div>\n\t\t\t\n\t\t\t\t\t\t<div class=\"elementor-icon-box-content\">\n\n\t\t\t\t\t\t\t\t\t<h3 class=\"elementor-icon-box-title\">\n\t\t\t\t\t\t<span  >\n\t\t\t\t\t\t\tGodziny Otwarcia\t\t\t\t\t\t<\/span>\n\t\t\t\t\t<\/h3>\n\t\t\t\t\n\t\t\t\t\t\t\t\t\t<p class=\"elementor-icon-box-description\">\n\t\t\t\t\t\tPoniedzia\u0142ek - Pi\u0105tek: 09:00 - 18:00<br>Sobota - Niedziela: 09:00 - 18:00\t\t\t\t\t<\/p>\n\t\t\t\t\n\t\t\t<\/div>\n\t\t\t\n\t\t<\/div>\n\t\t\t\t\t\t<\/div>\n\t\t\t\t<\/div>\n\t\t\t\t<\/div>\n\t\t<div class=\"elementor-element elementor-element-051d418 e-con-full e-flex e-con e-child\" data-id=\"051d418\" data-element_type=\"container\" data-e-type=\"container\">\n\t\t\t\t<div class=\"elementor-element elementor-element-3057fc9 elementor-position-inline-start elementor-view-default elementor-mobile-position-block-start elementor-widget elementor-widget-icon-box\" data-id=\"3057fc9\" data-element_type=\"widget\" data-e-type=\"widget\" data-widget_type=\"icon-box.default\">\n\t\t\t\t<div class=\"elementor-widget-container\">\n\t\t\t\t\t\t\t<div class=\"elementor-icon-box-wrapper\">\n\n\t\t\t\t\t\t<div class=\"elementor-icon-box-icon\">\n\t\t\t\t<span  class=\"elementor-icon\">\n\t\t\t\t<i aria-hidden=\"true\" class=\"fas fa-map\"><\/i>\t\t\t\t<\/span>\n\t\t\t<\/div>\n\t\t\t\n\t\t\t\t\t\t<div class=\"elementor-icon-box-content\">\n\n\t\t\t\t\t\t\t\t\t<h3 class=\"elementor-icon-box-title\">\n\t\t\t\t\t\t<span  >\n\t\t\t\t\t\t\tNasze lokalizacje\t\t\t\t\t\t<\/span>\n\t\t\t\t\t<\/h3>\n\t\t\t\t\n\t\t\t\t\t\t\t\t\t<p class=\"elementor-icon-box-description\">\n\t\t\t\t\t\t<a style=\"text-decoration:underline\" href=\"https:\/\/goo.gl\/maps\/WnxnT7BXWCc9PzAU9\">Poseidonos Ave 47, Pafos, Cypr<\/a>\n\t\t\t\t\t<\/p>\n\t\t\t\t\n\t\t\t<\/div>\n\t\t\t\n\t\t<\/div>\n\t\t\t\t\t\t<\/div>\n\t\t\t\t<\/div>\n\t\t\t\t<\/div>\n\t\t\t\t<\/div>\n\t\t<div class=\"elementor-element elementor-element-d319f80 e-flex e-con-boxed e-con e-parent\" data-id=\"d319f80\" data-element_type=\"container\" data-e-type=\"container\" data-settings=\"{&quot;background_background&quot;:&quot;classic&quot;}\">\n\t\t\t\t\t<div class=\"e-con-inner\">\n\t\t\t\t<div class=\"elementor-element elementor-element-531dd7c elementor-position-inline-start elementor-view-default elementor-mobile-position-block-start elementor-widget elementor-widget-icon-box\" data-id=\"531dd7c\" data-element_type=\"widget\" data-e-type=\"widget\" data-widget_type=\"icon-box.default\">\n\t\t\t\t<div class=\"elementor-widget-container\">\n\t\t\t\t\t\t\t<div class=\"elementor-icon-box-wrapper\">\n\n\t\t\t\t\t\t<div class=\"elementor-icon-box-icon\">\n\t\t\t\t<span  class=\"elementor-icon\">\n\t\t\t\t<i aria-hidden=\"true\" class=\"fas fa-info-circle\"><\/i>\t\t\t\t<\/span>\n\t\t\t<\/div>\n\t\t\t\n\t\t\t\t\t\t<div class=\"elementor-icon-box-content\">\n\n\t\t\t\t\t\t\t\t\t<h3 class=\"elementor-icon-box-title\">\n\t\t\t\t\t\t<span  >\n\t\t\t\t\t\t\tNie wahaj si\u0119 skontaktowa\u0107 z nami, je\u015bli potrzebujesz dodatkowej pomocy\t\t\t\t\t\t<\/span>\n\t\t\t\t\t<\/h3>\n\t\t\t\t\n\t\t\t\t\t\t\t\t\t<p class=\"elementor-icon-box-description\">\n\t\t\t\t\t\t\n\t\t\t\t\t<\/p>\n\t\t\t\t\n\t\t\t<\/div>\n\t\t\t\n\t\t<\/div>\n\t\t\t\t\t\t<\/div>\n\t\t\t\t<\/div>\n\t\t\t\t<div class=\"elementor-element elementor-element-1c8c991 elementor-widget elementor-widget-text-editor\" data-id=\"1c8c991\" data-element_type=\"widget\" data-e-type=\"widget\" data-widget_type=\"text-editor.default\">\n\t\t\t\t<div class=\"elementor-widget-container\">\n\t\t\t\t\t\t\t\t\t<p>Jeste\u015bmy tutaj, aby zapewni\u0107 Pa\u0144stwu wszystkie potrzebne informacje i wsparcie. Niezale\u017cnie od tego, czy chodzi o zapytania, opinie czy pomoc w zakresie naszych us\u0142ug, jeste\u015bmy dost\u0119pni zar\u00f3wno telefonicznie, jak i przez wiadomo\u015bci. <\/p>\t\t\t\t\t\t\t\t<\/div>\n\t\t\t\t<\/div>\n\t\t\t\t<div class=\"elementor-element elementor-element-4b50d32 elementor-widget elementor-widget-wpforms\" data-id=\"4b50d32\" data-element_type=\"widget\" data-e-type=\"widget\" data-widget_type=\"wpforms.default\">\n\t\t\t\t<div class=\"elementor-widget-container\">\n\t\t\t\t\t<div class=\"wpforms-container wpforms-container-full wpforms-render-modern\" id=\"wpforms-826\"><form id=\"wpforms-form-826\" class=\"wpforms-validate wpforms-form wpforms-ajax-form\" data-formid=\"826\" method=\"post\" enctype=\"multipart\/form-data\" action=\"\/pl\/wp-json\/wp\/v2\/pages\/1215\" data-token=\"1a2573624ee6da8d36a6c14b08bdb81e\" data-token-time=\"1777704566\"><noscript class=\"wpforms-error-noscript\">Aby wype\u0142ni\u0107 ten formularz, w\u0142\u0105cz obs\u0142ug\u0119 JavaScript w przegl\u0105darce.<\/noscript><div id=\"wpforms-error-noscript\" style=\"display: none;\">Aby wype\u0142ni\u0107 ten formularz, w\u0142\u0105cz obs\u0142ug\u0119 JavaScript w przegl\u0105darce.<\/div><div class=\"wpforms-field-container\"><div id=\"wpforms-826-field_1-container\" class=\"wpforms-field wpforms-field-name\" data-field-id=\"1\"><label class=\"wpforms-field-label\" for=\"wpforms-826-field_1\">Imi\u0119 i nazwisko <span class=\"wpforms-required-label\" aria-hidden=\"true\">*<\/span><\/label><input type=\"text\" id=\"wpforms-826-field_1\" class=\"wpforms-field-medium wpforms-field-required\" name=\"wpforms[fields][1]\" aria-errormessage=\"wpforms-826-field_1-error\" required><\/div><div id=\"wpforms-826-field_2-container\" class=\"wpforms-field wpforms-field-email\" data-field-id=\"2\"><label class=\"wpforms-field-label\" for=\"wpforms-826-field_2\">E-mail <span class=\"wpforms-required-label\" aria-hidden=\"true\">*<\/span><\/label><input type=\"email\" id=\"wpforms-826-field_2\" class=\"wpforms-field-medium wpforms-field-required\" name=\"wpforms[fields][2]\" spellcheck=\"false\" aria-errormessage=\"wpforms-826-field_2-error\" required><\/div>\t\t<div id=\"wpforms-826-field_5-container\"\n\t\t\tclass=\"wpforms-field wpforms-field-text\"\n\t\t\tdata-field-type=\"text\"\n\t\t\tdata-field-id=\"5\"\n\t\t\t>\n\t\t\t<label class=\"wpforms-field-label\" for=\"wpforms-826-field_5\" >i Wiadomo\u015b\u0107 nazwisko<\/label>\n\t\t\t<input type=\"text\" id=\"wpforms-826-field_5\" class=\"wpforms-field-medium\" name=\"wpforms[fields][5]\" >\n\t\t<\/div>\n\t\t<div id=\"wpforms-826-field_4-container\" class=\"wpforms-field wpforms-field-name\" data-field-id=\"4\"><label class=\"wpforms-field-label\" for=\"wpforms-826-field_4\">Numer telefonu <span class=\"wpforms-required-label\" aria-hidden=\"true\">*<\/span><\/label><input type=\"text\" id=\"wpforms-826-field_4\" class=\"wpforms-field-medium wpforms-field-required\" name=\"wpforms[fields][4]\" aria-errormessage=\"wpforms-826-field_4-error\" required><\/div><div id=\"wpforms-826-field_3-container\" class=\"wpforms-field wpforms-field-textarea\" data-field-id=\"3\"><label class=\"wpforms-field-label\" for=\"wpforms-826-field_3\">Wiadomo\u015b\u0107 <span class=\"wpforms-required-label\" aria-hidden=\"true\">*<\/span><\/label><textarea id=\"wpforms-826-field_3\" class=\"wpforms-field-medium wpforms-field-required\" name=\"wpforms[fields][3]\" aria-errormessage=\"wpforms-826-field_3-error\" required><\/textarea><\/div><script>\n\t\t\t\t( function() {\n\t\t\t\t\tconst style = document.createElement( 'style' );\n\t\t\t\t\tstyle.appendChild( document.createTextNode( '#wpforms-826-field_5-container { position: absolute !important; overflow: hidden !important; display: inline !important; height: 1px !important; width: 1px !important; z-index: -1000 !important; padding: 0 !important; } #wpforms-826-field_5-container input { visibility: hidden; } #wpforms-conversational-form-page #wpforms-826-field_5-container label { counter-increment: none; }' ) );\n\t\t\t\t\tdocument.head.appendChild( style );\n\t\t\t\t\tdocument.currentScript?.remove();\n\t\t\t\t} )();\n\t\t\t<\/script><\/div><!-- .wpforms-field-container --><div class=\"wpforms-submit-container\" ><input type=\"hidden\" name=\"wpforms[id]\" value=\"826\"><input type=\"hidden\" name=\"page_title\" value=\"\"><input type=\"hidden\" name=\"page_url\" value=\"https:\/\/pkacarrentals.com\/pl\/wp-json\/wp\/v2\/pages\/1215\"><input type=\"hidden\" name=\"url_referer\" value=\"\"><button type=\"submit\" name=\"wpforms[submit]\" id=\"wpforms-submit-826\" class=\"wpforms-submit\" data-alt-text=\"Wysy\u0142anie...\" data-submit-text=\"Wy\u015blij\" aria-live=\"assertive\" value=\"wpforms-submit\">Wy\u015blij<\/button><img decoding=\"async\" src=\"https:\/\/pkacarrentals.com\/wp-content\/plugins\/wpforms-lite\/assets\/images\/submit-spin.svg\" class=\"wpforms-submit-spinner\" style=\"display: none;\" width=\"26\" height=\"26\" alt=\"Wczytywanie\"><\/div><\/form><\/div>  <!-- .wpforms-container -->\t\t\t\t<\/div>\n\t\t\t\t<\/div>\n\t\t\t\t\t<\/div>\n\t\t\t\t<\/div>\n\t\t\t\t<\/div>\n\t\t","protected":false},"excerpt":{"rendered":"<p>Potrzebujesz pomocy? Numery telefon\u00f3w +357 99755655 \/ +357 96385786 Godziny Otwarcia Poniedzia\u0142ek - Pi\u0105tek: 09:00 - 18:00Sobota - Niedziela: 09:00 - 18:00 Nasze lokalizacje Poseidonos Ave 47, Pafos, Cypr Nie wahaj si\u0119 skontaktowa\u0107 z nami, je\u015bli potrzebujesz dodatkowej pomocy Jeste\u015bmy tutaj, aby zapewni\u0107 Pa\u0144stwu wszystkie potrzebne informacje i wsparcie. Niezale\u017cnie od tego, czy chodzi o &hellip; <\/p>\n<p class=\"link-more\"><a href=\"https:\/\/pkacarrentals.com\/pl\/kontakt\/\" class=\"more-link\"><span class=\"screen-reader-text\">  pr\u00f3ba \"Kontakt\"<\/span><\/a><\/p>\n","protected":false},"author":7,"featured_media":0,"parent":0,"menu_order":0,"comment_status":"closed","ping_status":"closed","template":"elementor_header_footer","meta":{"_eb_attr":"","_monsterinsights_skip_tracking":false,"_monsterinsights_sitenote_active":false,"_monsterinsights_sitenote_note":"","_monsterinsights_sitenote_category":0,"footnotes":""},"class_list":["post-1215","page","type-page","status-publish","hentry"],"yoast_head":"<!-- This site is optimized with the Yoast SEO plugin v27.5 - https:\/\/yoast.com\/product\/yoast-seo-wordpress\/ -->\n<title>Kontakt - PKA Car Rentals<\/title>\n<meta name=\"robots\" content=\"index, follow, max-snippet:-1, max-image-preview:large, max-video-preview:-1\" \/>\n<link rel=\"canonical\" href=\"https:\/\/pkacarrentals.com\/pl\/kontakt\/\" \/>\n<meta property=\"og:locale\" content=\"pl_PL\" \/>\n<meta property=\"og:type\" content=\"article\" \/>\n<meta property=\"og:title\" content=\"Kontakt - PKA Car Rentals\" \/>\n<meta property=\"og:description\" content=\"Potrzebujesz pomocy? Numery telefon\u00f3w +357 99755655 \/ +357 96385786 Godziny Otwarcia Poniedzia\u0142ek - Pi\u0105tek: 09:00 - 18:00Sobota - Niedziela: 09:00 - 18:00 Nasze lokalizacje Poseidonos Ave 47, Pafos, Cypr Nie wahaj si\u0119 skontaktowa\u0107 z nami, je\u015bli potrzebujesz dodatkowej pomocy Jeste\u015bmy tutaj, aby zapewni\u0107 Pa\u0144stwu wszystkie potrzebne informacje i wsparcie. Niezale\u017cnie od tego, czy chodzi o &hellip;  pr\u00f3ba &quot;Kontakt&quot;\" \/>\n<meta property=\"og:url\" content=\"https:\/\/pkacarrentals.com\/pl\/kontakt\/\" \/>\n<meta property=\"og:site_name\" content=\"PKA Car Rentals\" \/>\n<meta property=\"article:publisher\" content=\"https:\/\/www.facebook.com\/Pka-car-rentals-103986128976413\" \/>\n<meta property=\"article:modified_time\" content=\"2025-11-27T10:17:37+00:00\" \/>\n<meta property=\"og:image\" content=\"https:\/\/pkacarrentals.com\/wp-content\/plugins\/wpforms-lite\/assets\/images\/submit-spin.svg\" \/>\n<meta name=\"twitter:card\" content=\"summary_large_image\" \/>\n<meta name=\"twitter:label1\" content=\"Szacowany czas czytania\" \/>\n\t<meta name=\"twitter:data1\" content=\"1 minuta\" \/>\n<script type=\"application\/ld+json\" class=\"yoast-schema-graph\">{\"@context\":\"https:\\\/\\\/schema.org\",\"@graph\":[{\"@type\":\"WebPage\",\"@id\":\"https:\\\/\\\/pkacarrentals.com\\\/pl\\\/kontakt\\\/\",\"url\":\"https:\\\/\\\/pkacarrentals.com\\\/pl\\\/kontakt\\\/\",\"name\":\"Kontakt - PKA Car Rentals\",\"isPartOf\":{\"@id\":\"https:\\\/\\\/pkacarrentals.com\\\/pl\\\/#website\"},\"primaryImageOfPage\":{\"@id\":\"https:\\\/\\\/pkacarrentals.com\\\/pl\\\/kontakt\\\/#primaryimage\"},\"image\":{\"@id\":\"https:\\\/\\\/pkacarrentals.com\\\/pl\\\/kontakt\\\/#primaryimage\"},\"thumbnailUrl\":\"https:\\\/\\\/pkacarrentals.com\\\/wp-content\\\/plugins\\\/wpforms-lite\\\/assets\\\/images\\\/submit-spin.svg\",\"datePublished\":\"2024-11-26T22:54:18+00:00\",\"dateModified\":\"2025-11-27T10:17:37+00:00\",\"breadcrumb\":{\"@id\":\"https:\\\/\\\/pkacarrentals.com\\\/pl\\\/kontakt\\\/#breadcrumb\"},\"inLanguage\":\"pl-PL\",\"potentialAction\":[{\"@type\":\"ReadAction\",\"target\":[\"https:\\\/\\\/pkacarrentals.com\\\/pl\\\/kontakt\\\/\"]}]},{\"@type\":\"ImageObject\",\"inLanguage\":\"pl-PL\",\"@id\":\"https:\\\/\\\/pkacarrentals.com\\\/pl\\\/kontakt\\\/#primaryimage\",\"url\":\"https:\\\/\\\/pkacarrentals.com\\\/wp-content\\\/plugins\\\/wpforms-lite\\\/assets\\\/images\\\/submit-spin.svg\",\"contentUrl\":\"https:\\\/\\\/pkacarrentals.com\\\/wp-content\\\/plugins\\\/wpforms-lite\\\/assets\\\/images\\\/submit-spin.svg\"},{\"@type\":\"BreadcrumbList\",\"@id\":\"https:\\\/\\\/pkacarrentals.com\\\/pl\\\/kontakt\\\/#breadcrumb\",\"itemListElement\":[{\"@type\":\"ListItem\",\"position\":1,\"name\":\"Strona g\u0142\u00f3wna\",\"item\":\"https:\\\/\\\/pkacarrentals.com\\\/pl\\\/strona-glowna\\\/\"},{\"@type\":\"ListItem\",\"position\":2,\"name\":\"Kontakt\"}]},{\"@type\":\"WebSite\",\"@id\":\"https:\\\/\\\/pkacarrentals.com\\\/pl\\\/#website\",\"url\":\"https:\\\/\\\/pkacarrentals.com\\\/pl\\\/\",\"name\":\"PKA Car Rentals\",\"description\":\"Ciesz si\u0119 wakacjami na Cyprze!\",\"publisher\":{\"@id\":\"https:\\\/\\\/pkacarrentals.com\\\/pl\\\/#organization\"},\"potentialAction\":[{\"@type\":\"SearchAction\",\"target\":{\"@type\":\"EntryPoint\",\"urlTemplate\":\"https:\\\/\\\/pkacarrentals.com\\\/pl\\\/?s={search_term_string}\"},\"query-input\":{\"@type\":\"PropertyValueSpecification\",\"valueRequired\":true,\"valueName\":\"search_term_string\"}}],\"inLanguage\":\"pl-PL\"},{\"@type\":\"Organization\",\"@id\":\"https:\\\/\\\/pkacarrentals.com\\\/pl\\\/#organization\",\"name\":\"PKA CAR RENTALS\",\"url\":\"https:\\\/\\\/pkacarrentals.com\\\/pl\\\/\",\"logo\":{\"@type\":\"ImageObject\",\"inLanguage\":\"pl-PL\",\"@id\":\"https:\\\/\\\/pkacarrentals.com\\\/pl\\\/#\\\/schema\\\/logo\\\/image\\\/\",\"url\":\"https:\\\/\\\/pkacarrentals.com\\\/wp-content\\\/uploads\\\/2022\\\/05\\\/cropped-PKA-1.png\",\"contentUrl\":\"https:\\\/\\\/pkacarrentals.com\\\/wp-content\\\/uploads\\\/2022\\\/05\\\/cropped-PKA-1.png\",\"width\":512,\"height\":512,\"caption\":\"PKA CAR RENTALS\"},\"image\":{\"@id\":\"https:\\\/\\\/pkacarrentals.com\\\/pl\\\/#\\\/schema\\\/logo\\\/image\\\/\"},\"sameAs\":[\"https:\\\/\\\/www.facebook.com\\\/Pka-car-rentals-103986128976413\",\"https:\\\/\\\/www.youtube.com\\\/channel\\\/UCr3NDZJ_6P6f6HpsJtr2frw\"]}]}<\/script>\n<!-- \/ Yoast SEO plugin. -->","yoast_head_json":{"title":"Kontakt - PKA Car Rentals","robots":{"index":"index","follow":"follow","max-snippet":"max-snippet:-1","max-image-preview":"max-image-preview:large","max-video-preview":"max-video-preview:-1"},"canonical":"https:\/\/pkacarrentals.com\/pl\/kontakt\/","og_locale":"pl_PL","og_type":"article","og_title":"Kontakt - PKA Car Rentals","og_description":"Potrzebujesz pomocy? Numery telefon\u00f3w +357 99755655 \/ +357 96385786 Godziny Otwarcia Poniedzia\u0142ek - Pi\u0105tek: 09:00 - 18:00Sobota - Niedziela: 09:00 - 18:00 Nasze lokalizacje Poseidonos Ave 47, Pafos, Cypr Nie wahaj si\u0119 skontaktowa\u0107 z nami, je\u015bli potrzebujesz dodatkowej pomocy Jeste\u015bmy tutaj, aby zapewni\u0107 Pa\u0144stwu wszystkie potrzebne informacje i wsparcie. Niezale\u017cnie od tego, czy chodzi o &hellip;  pr\u00f3ba \"Kontakt\"","og_url":"https:\/\/pkacarrentals.com\/pl\/kontakt\/","og_site_name":"PKA Car Rentals","article_publisher":"https:\/\/www.facebook.com\/Pka-car-rentals-103986128976413","article_modified_time":"2025-11-27T10:17:37+00:00","og_image":[{"url":"https:\/\/pkacarrentals.com\/wp-content\/plugins\/wpforms-lite\/assets\/images\/submit-spin.svg","type":"","width":"","height":""}],"twitter_card":"summary_large_image","twitter_misc":{"Szacowany czas czytania":"1 minuta"},"schema":{"@context":"https:\/\/schema.org","@graph":[{"@type":"WebPage","@id":"https:\/\/pkacarrentals.com\/pl\/kontakt\/","url":"https:\/\/pkacarrentals.com\/pl\/kontakt\/","name":"Kontakt - PKA Car Rentals","isPartOf":{"@id":"https:\/\/pkacarrentals.com\/pl\/#website"},"primaryImageOfPage":{"@id":"https:\/\/pkacarrentals.com\/pl\/kontakt\/#primaryimage"},"image":{"@id":"https:\/\/pkacarrentals.com\/pl\/kontakt\/#primaryimage"},"thumbnailUrl":"https:\/\/pkacarrentals.com\/wp-content\/plugins\/wpforms-lite\/assets\/images\/submit-spin.svg","datePublished":"2024-11-26T22:54:18+00:00","dateModified":"2025-11-27T10:17:37+00:00","breadcrumb":{"@id":"https:\/\/pkacarrentals.com\/pl\/kontakt\/#breadcrumb"},"inLanguage":"pl-PL","potentialAction":[{"@type":"ReadAction","target":["https:\/\/pkacarrentals.com\/pl\/kontakt\/"]}]},{"@type":"ImageObject","inLanguage":"pl-PL","@id":"https:\/\/pkacarrentals.com\/pl\/kontakt\/#primaryimage","url":"https:\/\/pkacarrentals.com\/wp-content\/plugins\/wpforms-lite\/assets\/images\/submit-spin.svg","contentUrl":"https:\/\/pkacarrentals.com\/wp-content\/plugins\/wpforms-lite\/assets\/images\/submit-spin.svg"},{"@type":"BreadcrumbList","@id":"https:\/\/pkacarrentals.com\/pl\/kontakt\/#breadcrumb","itemListElement":[{"@type":"ListItem","position":1,"name":"Strona g\u0142\u00f3wna","item":"https:\/\/pkacarrentals.com\/pl\/strona-glowna\/"},{"@type":"ListItem","position":2,"name":"Kontakt"}]},{"@type":"WebSite","@id":"https:\/\/pkacarrentals.com\/pl\/#website","url":"https:\/\/pkacarrentals.com\/pl\/","name":"PKA Car Rentals","description":"Ciesz si\u0119 wakacjami na Cyprze!","publisher":{"@id":"https:\/\/pkacarrentals.com\/pl\/#organization"},"potentialAction":[{"@type":"SearchAction","target":{"@type":"EntryPoint","urlTemplate":"https:\/\/pkacarrentals.com\/pl\/?s={search_term_string}"},"query-input":{"@type":"PropertyValueSpecification","valueRequired":true,"valueName":"search_term_string"}}],"inLanguage":"pl-PL"},{"@type":"Organization","@id":"https:\/\/pkacarrentals.com\/pl\/#organization","name":"PKA CAR RENTALS","url":"https:\/\/pkacarrentals.com\/pl\/","logo":{"@type":"ImageObject","inLanguage":"pl-PL","@id":"https:\/\/pkacarrentals.com\/pl\/#\/schema\/logo\/image\/","url":"https:\/\/pkacarrentals.com\/wp-content\/uploads\/2022\/05\/cropped-PKA-1.png","contentUrl":"https:\/\/pkacarrentals.com\/wp-content\/uploads\/2022\/05\/cropped-PKA-1.png","width":512,"height":512,"caption":"PKA CAR RENTALS"},"image":{"@id":"https:\/\/pkacarrentals.com\/pl\/#\/schema\/logo\/image\/"},"sameAs":["https:\/\/www.facebook.com\/Pka-car-rentals-103986128976413","https:\/\/www.youtube.com\/channel\/UCr3NDZJ_6P6f6HpsJtr2frw"]}]}},"jetpack_sharing_enabled":true,"_links":{"self":[{"href":"https:\/\/pkacarrentals.com\/pl\/wp-json\/wp\/v2\/pages\/1215","targetHints":{"allow":["GET"]}}],"collection":[{"href":"https:\/\/pkacarrentals.com\/pl\/wp-json\/wp\/v2\/pages"}],"about":[{"href":"https:\/\/pkacarrentals.com\/pl\/wp-json\/wp\/v2\/types\/page"}],"author":[{"embeddable":true,"href":"https:\/\/pkacarrentals.com\/pl\/wp-json\/wp\/v2\/users\/7"}],"replies":[{"embeddable":true,"href":"https:\/\/pkacarrentals.com\/pl\/wp-json\/wp\/v2\/comments?post=1215"}],"version-history":[{"count":2,"href":"https:\/\/pkacarrentals.com\/pl\/wp-json\/wp\/v2\/pages\/1215\/revisions"}],"predecessor-version":[{"id":1219,"href":"https:\/\/pkacarrentals.com\/pl\/wp-json\/wp\/v2\/pages\/1215\/revisions\/1219"}],"wp:attachment":[{"href":"https:\/\/pkacarrentals.com\/pl\/wp-json\/wp\/v2\/media?parent=1215"}],"curies":[{"name":"wp","href":"https:\/\/api.w.org\/{rel}","templated":true}]}}